{"id":5229,"date":"2023-01-16T18:23:17","date_gmt":"2023-01-16T16:23:17","guid":{"rendered":"https:\/\/xarxa.museunacional.cat\/credits\/"},"modified":"2023-06-21T15:46:28","modified_gmt":"2023-06-21T13:46:28","slug":"credits","status":"publish","type":"page","link":"https:\/\/xarxa.museunacional.cat\/en\/credits\/","title":{"rendered":"Credits"},"content":{"rendered":"<div class=\"wpb-content-wrapper\"><p>[vc_row css_animation=&#8221;&#8221; row_type=&#8221;row&#8221; use_row_as_full_screen_section=&#8221;no&#8221; type=&#8221;full_width&#8221; angled_section=&#8221;no&#8221; text_align=&#8221;left&#8221; background_image_as_pattern=&#8221;without_pattern&#8221;][vc_column][vc_empty_space height=&#8221;52px&#8221;][vc_column_text el_class=&#8221;texteg2&#8243;]<\/p>\n<h3>Images<\/h3>\n<p><strong><br \/>\nPhotographs<\/strong><\/p>\n<p>Carles Aymerich, Caterina Barjau, Ant\u00f3n Brians\u00f3, Patxi Cabrero (IMMR\/Francesc X Cabrero), Carles Castro, Tony Coll, Joan Farr\u00e9, Francesc Fernandez (IMMR\/F. X. Fernandez), Xavier Padr\u00f3s, Resol, Rocco Ricci, Rafael Vargas.<\/p>\n<p>&nbsp;<\/p>\n<p><strong>Institutions<br \/>\n<\/strong><\/p>\n<p>Photographic archive of the museums of Sitges, Arxiu MDCS, Biblioteca-Museu V\u00edctor Balaguer, Diputaci\u00f3 de Tarragona. Arxiu Fotogr\u00e0fic MAMT. Photo: Joan Alberich, Fons Museu de la Garrotxa \u2013 Olot, Fundaci\u00f3 Apel\u00b7les Fenosa, Fundaci\u00f3 Palau, MACBA, \u00a9 Museu d\u2019Art de Girona. Ad\u2019i (Rafel Bosch), Morera. Museu d\u2019Art Modern i Contemporani de Lleida (Antoni Lonc\u00e0 \/ Jordi V. Pou \/ Oriol Rosell), Museu d\u2019Art de Sabadell \u2013 Ajuntament de Sabadell, Museu Dioces\u00e0 d\u2019Urgell, Museu Dioces\u00e0 d\u2019Urgell (Fotografia Idil\u00b7li T\u00e0pia), Museu de l\u2019Empord\u00e0, \u00a9 Museu Episcopal de Vic (Joan D\u00edaz\/Gabriel Salvans\/Francesc Tena), \u00a9 Museu Frederic Mar\u00e8s. Photo: Ramon Muro, \u00a9 Museu Frederic Mar\u00e8s. Photo: Guillem F \u2013 H, \u00a9 Museu de Lleida: Dioces\u00e0 i Comarcal (J. V. Pou), \u00a9 Museu de Lleida: Dioces\u00e0 i Comarcal (Jos\u00e9 Luis de la Parra), \u00a9 Museu de Lleida: Dioces\u00e0 i Comarcal (Antoni Benavente), \u00a9 Museu de Manresa. Photographs: Marta M\u00e8rida, \u00a9 Museu Nacional d\u2019Art de Catalunya \u2013 Photographs Calveras\/M\u00e8rida\/Sagrist\u00e0, Museu de Valls. Photograph: Pere Queralt.<\/p>\n<p>&nbsp;<\/p>\n<h3>Acknowledgements<\/h3>\n<p><strong>Museums<br \/>\n<\/strong><\/p>\n<p>Biblioteca Museu V\u00edctor Balaguer, Fundaci\u00f3 Apel\u00b7les Fenosa, Fundaci\u00f3 Palau, Museus de Sitges, MACBA, Museu d\u2019Art de Girona, Morera. Museu d\u2019Art Modern i Contemporani de Lleida, MAMT Museu d\u2019Art Modern de Tarragona, Museu d\u2019Art de Sabadell, Museu Dioces\u00e0 i Comarcal de Solsona, Museu Dioces\u00e0 de Tarragona, Museu Dioces\u00e0 d\u2019Urgell, Museu del Disseny de Barcelona, Museu de l\u2019Empord\u00e0, MEV. Museu d\u2019Art Medieval, Museu Frederic Mar\u00e8s, Museu de la Garrotxa, Museu de Lleida Dioces\u00e0 i Comarcal, Museu de Manresa, Museu de Reus, Museu de Valls.<\/p>\n<p>&nbsp;<\/p>\n<h3><strong>A project of the Museu Nacional d\u2019Art de Catalunya<\/strong><\/h3>\n<p>Overall coordination: Museu Nacional d\u2019Art de Catalunya<\/p>\n<p>With the support of the Depart of Culture of the Generalitat de Catalu\u00f1a[\/vc_column_text][vc_empty_space][\/vc_column][\/vc_row]<\/p>\n<\/div>","protected":false},"excerpt":{"rendered":"<p>[vc_row css_animation=&#8221;&#8221; row_type=&#8221;row&#8221; use_row_as_full_screen_section=&#8221;no&#8221; type=&#8221;full_width&#8221; angled_section=&#8221;no&#8221; text_align=&#8221;left&#8221; background_image_as_pattern=&#8221;without_pattern&#8221;][vc_column][vc_empty_space height=&#8221;52px&#8221;][vc_column_text el_class=&#8221;texteg2&#8243;] Images Photographs Carles Aymerich, Caterina Barjau, Ant\u00f3n Brians\u00f3, Patxi Cabrero (IMMR\/Francesc X Cabrero), Carles Castro, Tony Coll, Joan Farr\u00e9, Francesc Fernandez (IMMR\/F. X. Fernandez), Xavier Padr\u00f3s, Resol, Rocco Ricci, Rafael Vargas. &nbsp; Institutions Photographic archive&#8230;<\/p>\n","protected":false},"author":1,"featured_media":0,"parent":0,"menu_order":0,"comment_status":"closed","ping_status":"closed","template":"","meta":{"_acf_changed":false,"inline_featured_image":false,"_vp_format_video_url":"","_vp_image_focal_point":[],"footnotes":""},"class_list":["post-5229","page","type-page","status-publish","hentry"],"acf":[],"yoast_head":"<!-- This site is optimized with the Yoast SEO plugin v27.2 - https:\/\/yoast.com\/product\/yoast-seo-wordpress\/ -->\n<title>Credits - Xarxa de Museus d\u2019Art de Catalunya<\/title>\n<meta name=\"robots\" content=\"index, follow, max-snippet:-1, max-image-preview:large, max-video-preview:-1\" \/>\n<link rel=\"canonical\" href=\"https:\/\/xarxa.museunacional.cat\/en\/credits\/\" \/>\n<meta property=\"og:locale\" content=\"en_US\" \/>\n<meta property=\"og:type\" content=\"article\" \/>\n<meta property=\"og:title\" content=\"Credits - Xarxa de Museus d\u2019Art de Catalunya\" \/>\n<meta property=\"og:description\" content=\"[vc_row css_animation=&#8221;&#8221; row_type=&#8221;row&#8221; use_row_as_full_screen_section=&#8221;no&#8221; type=&#8221;full_width&#8221; angled_section=&#8221;no&#8221; text_align=&#8221;left&#8221; background_image_as_pattern=&#8221;without_pattern&#8221;][vc_column][vc_empty_space height=&#8221;52px&#8221;][vc_column_text el_class=&#8221;texteg2&#8243;] Images Photographs Carles Aymerich, Caterina Barjau, Ant\u00f3n Brians\u00f3, Patxi Cabrero (IMMR\/Francesc X Cabrero), Carles Castro, Tony Coll, Joan Farr\u00e9, Francesc Fernandez (IMMR\/F. X. Fernandez), Xavier Padr\u00f3s, Resol, Rocco Ricci, Rafael Vargas. &nbsp; Institutions Photographic archive...\" \/>\n<meta property=\"og:url\" content=\"https:\/\/xarxa.museunacional.cat\/en\/credits\/\" \/>\n<meta property=\"og:site_name\" content=\"Xarxa de Museus d\u2019Art de Catalunya\" \/>\n<meta property=\"article:modified_time\" content=\"2023-06-21T13:46:28+00:00\" \/>\n<meta name=\"twitter:card\" content=\"summary_large_image\" \/>\n<meta name=\"twitter:label1\" content=\"Est. reading time\" \/>\n\t<meta name=\"twitter:data1\" content=\"2 minutes\" \/>\n<script type=\"application\/ld+json\" class=\"yoast-schema-graph\">{\"@context\":\"https:\/\/schema.org\",\"@graph\":[{\"@type\":\"WebPage\",\"@id\":\"https:\/\/xarxa.museunacional.cat\/en\/credits\/\",\"url\":\"https:\/\/xarxa.museunacional.cat\/en\/credits\/\",\"name\":\"Credits - Xarxa de Museus d\u2019Art de Catalunya\",\"isPartOf\":{\"@id\":\"https:\/\/xarxa.museunacional.cat\/#website\"},\"datePublished\":\"2023-01-16T16:23:17+00:00\",\"dateModified\":\"2023-06-21T13:46:28+00:00\",\"breadcrumb\":{\"@id\":\"https:\/\/xarxa.museunacional.cat\/en\/credits\/#breadcrumb\"},\"inLanguage\":\"en-US\",\"potentialAction\":[{\"@type\":\"ReadAction\",\"target\":[\"https:\/\/xarxa.museunacional.cat\/en\/credits\/\"]}]},{\"@type\":\"BreadcrumbList\",\"@id\":\"https:\/\/xarxa.museunacional.cat\/en\/credits\/#breadcrumb\",\"itemListElement\":[{\"@type\":\"ListItem\",\"position\":1,\"name\":\"Inici\",\"item\":\"https:\/\/xarxa.museunacional.cat\/en\/\"},{\"@type\":\"ListItem\",\"position\":2,\"name\":\"Credits\"}]},{\"@type\":\"WebSite\",\"@id\":\"https:\/\/xarxa.museunacional.cat\/#website\",\"url\":\"https:\/\/xarxa.museunacional.cat\/\",\"name\":\"Xarxa de Museus d\u2019Art de Catalunya\",\"description\":\"Un altre lloc gestionat amb el WordPress\",\"publisher\":{\"@id\":\"https:\/\/xarxa.museunacional.cat\/#organization\"},\"potentialAction\":[{\"@type\":\"SearchAction\",\"target\":{\"@type\":\"EntryPoint\",\"urlTemplate\":\"https:\/\/xarxa.museunacional.cat\/?s={search_term_string}\"},\"query-input\":{\"@type\":\"PropertyValueSpecification\",\"valueRequired\":true,\"valueName\":\"search_term_string\"}}],\"inLanguage\":\"en-US\"},{\"@type\":\"Organization\",\"@id\":\"https:\/\/xarxa.museunacional.cat\/#organization\",\"name\":\"Xarxa de Museus d\u2019Art de Catalunya\",\"url\":\"https:\/\/xarxa.museunacional.cat\/\",\"logo\":{\"@type\":\"ImageObject\",\"inLanguage\":\"en-US\",\"@id\":\"https:\/\/xarxa.museunacional.cat\/#\/schema\/logo\/image\/\",\"url\":\"https:\/\/xarxa.museunacional.cat\/wp-content\/uploads\/2024\/08\/logo.png\",\"contentUrl\":\"https:\/\/xarxa.museunacional.cat\/wp-content\/uploads\/2024\/08\/logo.png\",\"width\":400,\"height\":88,\"caption\":\"Xarxa de Museus d\u2019Art de Catalunya\"},\"image\":{\"@id\":\"https:\/\/xarxa.museunacional.cat\/#\/schema\/logo\/image\/\"}}]}<\/script>\n<!-- \/ Yoast SEO plugin. -->","yoast_head_json":{"title":"Credits - Xarxa de Museus d\u2019Art de Catalunya","robots":{"index":"index","follow":"follow","max-snippet":"max-snippet:-1","max-image-preview":"max-image-preview:large","max-video-preview":"max-video-preview:-1"},"canonical":"https:\/\/xarxa.museunacional.cat\/en\/credits\/","og_locale":"en_US","og_type":"article","og_title":"Credits - Xarxa de Museus d\u2019Art de Catalunya","og_description":"[vc_row css_animation=&#8221;&#8221; row_type=&#8221;row&#8221; use_row_as_full_screen_section=&#8221;no&#8221; type=&#8221;full_width&#8221; angled_section=&#8221;no&#8221; text_align=&#8221;left&#8221; background_image_as_pattern=&#8221;without_pattern&#8221;][vc_column][vc_empty_space height=&#8221;52px&#8221;][vc_column_text el_class=&#8221;texteg2&#8243;] Images Photographs Carles Aymerich, Caterina Barjau, Ant\u00f3n Brians\u00f3, Patxi Cabrero (IMMR\/Francesc X Cabrero), Carles Castro, Tony Coll, Joan Farr\u00e9, Francesc Fernandez (IMMR\/F. X. Fernandez), Xavier Padr\u00f3s, Resol, Rocco Ricci, Rafael Vargas. &nbsp; Institutions Photographic archive...","og_url":"https:\/\/xarxa.museunacional.cat\/en\/credits\/","og_site_name":"Xarxa de Museus d\u2019Art de Catalunya","article_modified_time":"2023-06-21T13:46:28+00:00","twitter_card":"summary_large_image","twitter_misc":{"Est. reading time":"2 minutes"},"schema":{"@context":"https:\/\/schema.org","@graph":[{"@type":"WebPage","@id":"https:\/\/xarxa.museunacional.cat\/en\/credits\/","url":"https:\/\/xarxa.museunacional.cat\/en\/credits\/","name":"Credits - Xarxa de Museus d\u2019Art de Catalunya","isPartOf":{"@id":"https:\/\/xarxa.museunacional.cat\/#website"},"datePublished":"2023-01-16T16:23:17+00:00","dateModified":"2023-06-21T13:46:28+00:00","breadcrumb":{"@id":"https:\/\/xarxa.museunacional.cat\/en\/credits\/#breadcrumb"},"inLanguage":"en-US","potentialAction":[{"@type":"ReadAction","target":["https:\/\/xarxa.museunacional.cat\/en\/credits\/"]}]},{"@type":"BreadcrumbList","@id":"https:\/\/xarxa.museunacional.cat\/en\/credits\/#breadcrumb","itemListElement":[{"@type":"ListItem","position":1,"name":"Inici","item":"https:\/\/xarxa.museunacional.cat\/en\/"},{"@type":"ListItem","position":2,"name":"Credits"}]},{"@type":"WebSite","@id":"https:\/\/xarxa.museunacional.cat\/#website","url":"https:\/\/xarxa.museunacional.cat\/","name":"Xarxa de Museus d\u2019Art de Catalunya","description":"Un altre lloc gestionat amb el WordPress","publisher":{"@id":"https:\/\/xarxa.museunacional.cat\/#organization"},"potentialAction":[{"@type":"SearchAction","target":{"@type":"EntryPoint","urlTemplate":"https:\/\/xarxa.museunacional.cat\/?s={search_term_string}"},"query-input":{"@type":"PropertyValueSpecification","valueRequired":true,"valueName":"search_term_string"}}],"inLanguage":"en-US"},{"@type":"Organization","@id":"https:\/\/xarxa.museunacional.cat\/#organization","name":"Xarxa de Museus d\u2019Art de Catalunya","url":"https:\/\/xarxa.museunacional.cat\/","logo":{"@type":"ImageObject","inLanguage":"en-US","@id":"https:\/\/xarxa.museunacional.cat\/#\/schema\/logo\/image\/","url":"https:\/\/xarxa.museunacional.cat\/wp-content\/uploads\/2024\/08\/logo.png","contentUrl":"https:\/\/xarxa.museunacional.cat\/wp-content\/uploads\/2024\/08\/logo.png","width":400,"height":88,"caption":"Xarxa de Museus d\u2019Art de Catalunya"},"image":{"@id":"https:\/\/xarxa.museunacional.cat\/#\/schema\/logo\/image\/"}}]}},"_links":{"self":[{"href":"https:\/\/xarxa.museunacional.cat\/en\/wp-json\/wp\/v2\/pages\/5229","targetHints":{"allow":["GET"]}}],"collection":[{"href":"https:\/\/xarxa.museunacional.cat\/en\/wp-json\/wp\/v2\/pages"}],"about":[{"href":"https:\/\/xarxa.museunacional.cat\/en\/wp-json\/wp\/v2\/types\/page"}],"author":[{"embeddable":true,"href":"https:\/\/xarxa.museunacional.cat\/en\/wp-json\/wp\/v2\/users\/1"}],"replies":[{"embeddable":true,"href":"https:\/\/xarxa.museunacional.cat\/en\/wp-json\/wp\/v2\/comments?post=5229"}],"version-history":[{"count":3,"href":"https:\/\/xarxa.museunacional.cat\/en\/wp-json\/wp\/v2\/pages\/5229\/revisions"}],"predecessor-version":[{"id":5623,"href":"https:\/\/xarxa.museunacional.cat\/en\/wp-json\/wp\/v2\/pages\/5229\/revisions\/5623"}],"wp:attachment":[{"href":"https:\/\/xarxa.museunacional.cat\/en\/wp-json\/wp\/v2\/media?parent=5229"}],"curies":[{"name":"wp","href":"https:\/\/api.w.org\/{rel}","templated":true}]}}