{"id":5095,"date":"2023-03-21T17:40:45","date_gmt":"2023-03-21T15:40:45","guid":{"rendered":"https:\/\/xarxa.museunacional.cat\/qui-som\/"},"modified":"2023-06-22T21:24:55","modified_gmt":"2023-06-22T19:24:55","slug":"qui-som","status":"publish","type":"page","link":"https:\/\/xarxa.museunacional.cat\/es\/qui-som\/","title":{"rendered":"Quienes somos"},"content":{"rendered":"<div class=\"wpb-content-wrapper\"><p>[vc_row css_animation=\u00bb\u00bb row_type=\u00bbrow\u00bb use_row_as_full_screen_section=\u00bbno\u00bb type=\u00bbfull_width\u00bb angled_section=\u00bbno\u00bb text_align=\u00bbleft\u00bb background_image_as_pattern=\u00bbwithout_pattern\u00bb z_index=\u00bb\u00bb][vc_column css_animation=\u00bbnone\u00bb width=\u00bb1\/2&#8243;][vc_empty_space height=\u00bb52px\u00bb][vc_gallery interval=\u00bb3&#8243; images=\u00bb5754,5751,5748,5745,5742&#8243; img_size=\u00bbfull\u00bb onclick=\u00bb\u00bb css_animation=\u00bbslideInLeft\u00bb][vc_empty_space][\/vc_column][vc_column width=\u00bb1\/2&#8243;][vc_empty_space height=\u00bb52px\u00bb][vc_column_text el_class=\u00bbtexteg2&#8243;]El <span style=\"color: #008000;\"><strong><a style=\"color: #008000;\" href=\"https:\/\/www.museunacional.cat\/es\" target=\"_blank\" rel=\"noopener\">Museo Nacional<\/a><\/strong><\/span>, como instituci\u00f3n muse\u00edstica de referencia del pa\u00eds, impulsa una <strong>red<\/strong> que articula los museos de arte en una estrategia com\u00fan de colaboraci\u00f3n, por la <strong>puesta en valor y difusi\u00f3n del patrimonio art\u00edstico catal\u00e1n<\/strong>.<\/p>\n<p>&nbsp;<\/p>\n<p>La red de los museos de arte nace con el objetivo de <strong>desarrollar servicios, proyectos y actividades conjuntas<\/strong>, para conseguir entre todos los museos que la conforman una mayor <strong>proyecci\u00f3n social, tur\u00edstica y cient\u00edfica<\/strong>.<\/p>\n<p>&nbsp;<\/p>\n<p>&nbsp;<\/p>\n<p><span style=\"color: #008000;\"><a style=\"color: #008000;\" href=\"https:\/\/xarxa.museunacional.cat\/es\/museus\/\"><strong>Descubre los museos que forman parte de la &#8216;Xarxa&#8217;<\/strong><\/a><\/span>[\/vc_column_text][\/vc_column][\/vc_row]<\/p>\n<\/div>","protected":false},"excerpt":{"rendered":"<p>[vc_row css_animation=\u00bb\u00bb row_type=\u00bbrow\u00bb use_row_as_full_screen_section=\u00bbno\u00bb type=\u00bbfull_width\u00bb angled_section=\u00bbno\u00bb text_align=\u00bbleft\u00bb background_image_as_pattern=\u00bbwithout_pattern\u00bb z_index=\u00bb\u00bb][vc_column css_animation=\u00bbnone\u00bb width=\u00bb1\/2&#8243;][vc_empty_space height=\u00bb52px\u00bb][vc_gallery interval=\u00bb3&#8243; images=\u00bb5754,5751,5748,5745,5742&#8243; img_size=\u00bbfull\u00bb onclick=\u00bb\u00bb css_animation=\u00bbslideInLeft\u00bb][vc_empty_space][\/vc_column][vc_column width=\u00bb1\/2&#8243;][vc_empty_space height=\u00bb52px\u00bb][vc_column_text el_class=\u00bbtexteg2&#8243;]El Museo Nacional, como instituci\u00f3n muse\u00edstica de referencia del pa\u00eds, impulsa una red que articula los museos de arte en una estrategia com\u00fan de colaboraci\u00f3n, por&#8230;<\/p>\n","protected":false},"author":1,"featured_media":0,"parent":0,"menu_order":0,"comment_status":"closed","ping_status":"closed","template":"","meta":{"_acf_changed":false,"inline_featured_image":false,"_vp_format_video_url":"","_vp_image_focal_point":[],"footnotes":""},"class_list":["post-5095","page","type-page","status-publish","hentry"],"acf":[],"yoast_head":"<!-- This site is optimized with the Yoast SEO plugin v27.4 - https:\/\/yoast.com\/product\/yoast-seo-wordpress\/ -->\n<title>Quienes somos - Xarxa de Museus d\u2019Art de Catalunya<\/title>\n<meta name=\"robots\" content=\"index, follow, max-snippet:-1, max-image-preview:large, max-video-preview:-1\" \/>\n<link rel=\"canonical\" href=\"https:\/\/xarxa.museunacional.cat\/es\/qui-som\/\" \/>\n<meta property=\"og:locale\" content=\"es_ES\" \/>\n<meta property=\"og:type\" content=\"article\" \/>\n<meta property=\"og:title\" content=\"Quienes somos - Xarxa de Museus d\u2019Art de Catalunya\" \/>\n<meta property=\"og:description\" content=\"[vc_row css_animation=\u00bb\u00bb row_type=\u00bbrow\u00bb use_row_as_full_screen_section=\u00bbno\u00bb type=\u00bbfull_width\u00bb angled_section=\u00bbno\u00bb text_align=\u00bbleft\u00bb background_image_as_pattern=\u00bbwithout_pattern\u00bb z_index=\u00bb\u00bb][vc_column css_animation=\u00bbnone\u00bb width=\u00bb1\/2&#8243;][vc_empty_space height=\u00bb52px\u00bb][vc_gallery interval=\u00bb3&#8243; images=\u00bb5754,5751,5748,5745,5742&#8243; img_size=\u00bbfull\u00bb onclick=\u00bb\u00bb css_animation=\u00bbslideInLeft\u00bb][vc_empty_space][\/vc_column][vc_column width=\u00bb1\/2&#8243;][vc_empty_space height=\u00bb52px\u00bb][vc_column_text el_class=\u00bbtexteg2&#8243;]El Museo Nacional, como instituci\u00f3n muse\u00edstica de referencia del pa\u00eds, impulsa una red que articula los museos de arte en una estrategia com\u00fan de colaboraci\u00f3n, por...\" \/>\n<meta property=\"og:url\" content=\"https:\/\/xarxa.museunacional.cat\/es\/qui-som\/\" \/>\n<meta property=\"og:site_name\" content=\"Xarxa de Museus d\u2019Art de Catalunya\" \/>\n<meta property=\"article:modified_time\" content=\"2023-06-22T19:24:55+00:00\" \/>\n<meta name=\"twitter:card\" content=\"summary_large_image\" \/>\n<meta name=\"twitter:label1\" content=\"Tiempo de lectura\" \/>\n\t<meta name=\"twitter:data1\" content=\"1 minuto\" \/>\n<script type=\"application\/ld+json\" class=\"yoast-schema-graph\">{\"@context\":\"https:\\\/\\\/schema.org\",\"@graph\":[{\"@type\":\"WebPage\",\"@id\":\"https:\\\/\\\/xarxa.museunacional.cat\\\/es\\\/qui-som\\\/\",\"url\":\"https:\\\/\\\/xarxa.museunacional.cat\\\/es\\\/qui-som\\\/\",\"name\":\"Quienes somos - Xarxa de Museus d\u2019Art de Catalunya\",\"isPartOf\":{\"@id\":\"https:\\\/\\\/xarxa.museunacional.cat\\\/#website\"},\"datePublished\":\"2023-03-21T15:40:45+00:00\",\"dateModified\":\"2023-06-22T19:24:55+00:00\",\"breadcrumb\":{\"@id\":\"https:\\\/\\\/xarxa.museunacional.cat\\\/es\\\/qui-som\\\/#breadcrumb\"},\"inLanguage\":\"es\",\"potentialAction\":[{\"@type\":\"ReadAction\",\"target\":[\"https:\\\/\\\/xarxa.museunacional.cat\\\/es\\\/qui-som\\\/\"]}]},{\"@type\":\"BreadcrumbList\",\"@id\":\"https:\\\/\\\/xarxa.museunacional.cat\\\/es\\\/qui-som\\\/#breadcrumb\",\"itemListElement\":[{\"@type\":\"ListItem\",\"position\":1,\"name\":\"Inici\",\"item\":\"https:\\\/\\\/xarxa.museunacional.cat\\\/es\\\/\"},{\"@type\":\"ListItem\",\"position\":2,\"name\":\"Quienes somos\"}]},{\"@type\":\"WebSite\",\"@id\":\"https:\\\/\\\/xarxa.museunacional.cat\\\/#website\",\"url\":\"https:\\\/\\\/xarxa.museunacional.cat\\\/\",\"name\":\"Xarxa de Museus d\u2019Art de Catalunya\",\"description\":\"Un altre lloc gestionat amb el WordPress\",\"publisher\":{\"@id\":\"https:\\\/\\\/xarxa.museunacional.cat\\\/#organization\"},\"potentialAction\":[{\"@type\":\"SearchAction\",\"target\":{\"@type\":\"EntryPoint\",\"urlTemplate\":\"https:\\\/\\\/xarxa.museunacional.cat\\\/?s={search_term_string}\"},\"query-input\":{\"@type\":\"PropertyValueSpecification\",\"valueRequired\":true,\"valueName\":\"search_term_string\"}}],\"inLanguage\":\"es\"},{\"@type\":\"Organization\",\"@id\":\"https:\\\/\\\/xarxa.museunacional.cat\\\/#organization\",\"name\":\"Xarxa de Museus d\u2019Art de Catalunya\",\"url\":\"https:\\\/\\\/xarxa.museunacional.cat\\\/\",\"logo\":{\"@type\":\"ImageObject\",\"inLanguage\":\"es\",\"@id\":\"https:\\\/\\\/xarxa.museunacional.cat\\\/#\\\/schema\\\/logo\\\/image\\\/\",\"url\":\"https:\\\/\\\/xarxa.museunacional.cat\\\/wp-content\\\/uploads\\\/2024\\\/08\\\/logo.png\",\"contentUrl\":\"https:\\\/\\\/xarxa.museunacional.cat\\\/wp-content\\\/uploads\\\/2024\\\/08\\\/logo.png\",\"width\":400,\"height\":88,\"caption\":\"Xarxa de Museus d\u2019Art de Catalunya\"},\"image\":{\"@id\":\"https:\\\/\\\/xarxa.museunacional.cat\\\/#\\\/schema\\\/logo\\\/image\\\/\"}}]}<\/script>\n<!-- \/ Yoast SEO plugin. -->","yoast_head_json":{"title":"Quienes somos - Xarxa de Museus d\u2019Art de Catalunya","robots":{"index":"index","follow":"follow","max-snippet":"max-snippet:-1","max-image-preview":"max-image-preview:large","max-video-preview":"max-video-preview:-1"},"canonical":"https:\/\/xarxa.museunacional.cat\/es\/qui-som\/","og_locale":"es_ES","og_type":"article","og_title":"Quienes somos - Xarxa de Museus d\u2019Art de Catalunya","og_description":"[vc_row css_animation=\u00bb\u00bb row_type=\u00bbrow\u00bb use_row_as_full_screen_section=\u00bbno\u00bb type=\u00bbfull_width\u00bb angled_section=\u00bbno\u00bb text_align=\u00bbleft\u00bb background_image_as_pattern=\u00bbwithout_pattern\u00bb z_index=\u00bb\u00bb][vc_column css_animation=\u00bbnone\u00bb width=\u00bb1\/2&#8243;][vc_empty_space height=\u00bb52px\u00bb][vc_gallery interval=\u00bb3&#8243; images=\u00bb5754,5751,5748,5745,5742&#8243; img_size=\u00bbfull\u00bb onclick=\u00bb\u00bb css_animation=\u00bbslideInLeft\u00bb][vc_empty_space][\/vc_column][vc_column width=\u00bb1\/2&#8243;][vc_empty_space height=\u00bb52px\u00bb][vc_column_text el_class=\u00bbtexteg2&#8243;]El Museo Nacional, como instituci\u00f3n muse\u00edstica de referencia del pa\u00eds, impulsa una red que articula los museos de arte en una estrategia com\u00fan de colaboraci\u00f3n, por...","og_url":"https:\/\/xarxa.museunacional.cat\/es\/qui-som\/","og_site_name":"Xarxa de Museus d\u2019Art de Catalunya","article_modified_time":"2023-06-22T19:24:55+00:00","twitter_card":"summary_large_image","twitter_misc":{"Tiempo de lectura":"1 minuto"},"schema":{"@context":"https:\/\/schema.org","@graph":[{"@type":"WebPage","@id":"https:\/\/xarxa.museunacional.cat\/es\/qui-som\/","url":"https:\/\/xarxa.museunacional.cat\/es\/qui-som\/","name":"Quienes somos - Xarxa de Museus d\u2019Art de Catalunya","isPartOf":{"@id":"https:\/\/xarxa.museunacional.cat\/#website"},"datePublished":"2023-03-21T15:40:45+00:00","dateModified":"2023-06-22T19:24:55+00:00","breadcrumb":{"@id":"https:\/\/xarxa.museunacional.cat\/es\/qui-som\/#breadcrumb"},"inLanguage":"es","potentialAction":[{"@type":"ReadAction","target":["https:\/\/xarxa.museunacional.cat\/es\/qui-som\/"]}]},{"@type":"BreadcrumbList","@id":"https:\/\/xarxa.museunacional.cat\/es\/qui-som\/#breadcrumb","itemListElement":[{"@type":"ListItem","position":1,"name":"Inici","item":"https:\/\/xarxa.museunacional.cat\/es\/"},{"@type":"ListItem","position":2,"name":"Quienes somos"}]},{"@type":"WebSite","@id":"https:\/\/xarxa.museunacional.cat\/#website","url":"https:\/\/xarxa.museunacional.cat\/","name":"Xarxa de Museus d\u2019Art de Catalunya","description":"Un altre lloc gestionat amb el WordPress","publisher":{"@id":"https:\/\/xarxa.museunacional.cat\/#organization"},"potentialAction":[{"@type":"SearchAction","target":{"@type":"EntryPoint","urlTemplate":"https:\/\/xarxa.museunacional.cat\/?s={search_term_string}"},"query-input":{"@type":"PropertyValueSpecification","valueRequired":true,"valueName":"search_term_string"}}],"inLanguage":"es"},{"@type":"Organization","@id":"https:\/\/xarxa.museunacional.cat\/#organization","name":"Xarxa de Museus d\u2019Art de Catalunya","url":"https:\/\/xarxa.museunacional.cat\/","logo":{"@type":"ImageObject","inLanguage":"es","@id":"https:\/\/xarxa.museunacional.cat\/#\/schema\/logo\/image\/","url":"https:\/\/xarxa.museunacional.cat\/wp-content\/uploads\/2024\/08\/logo.png","contentUrl":"https:\/\/xarxa.museunacional.cat\/wp-content\/uploads\/2024\/08\/logo.png","width":400,"height":88,"caption":"Xarxa de Museus d\u2019Art de Catalunya"},"image":{"@id":"https:\/\/xarxa.museunacional.cat\/#\/schema\/logo\/image\/"}}]}},"_links":{"self":[{"href":"https:\/\/xarxa.museunacional.cat\/es\/wp-json\/wp\/v2\/pages\/5095","targetHints":{"allow":["GET"]}}],"collection":[{"href":"https:\/\/xarxa.museunacional.cat\/es\/wp-json\/wp\/v2\/pages"}],"about":[{"href":"https:\/\/xarxa.museunacional.cat\/es\/wp-json\/wp\/v2\/types\/page"}],"author":[{"embeddable":true,"href":"https:\/\/xarxa.museunacional.cat\/es\/wp-json\/wp\/v2\/users\/1"}],"replies":[{"embeddable":true,"href":"https:\/\/xarxa.museunacional.cat\/es\/wp-json\/wp\/v2\/comments?post=5095"}],"version-history":[{"count":6,"href":"https:\/\/xarxa.museunacional.cat\/es\/wp-json\/wp\/v2\/pages\/5095\/revisions"}],"predecessor-version":[{"id":5764,"href":"https:\/\/xarxa.museunacional.cat\/es\/wp-json\/wp\/v2\/pages\/5095\/revisions\/5764"}],"wp:attachment":[{"href":"https:\/\/xarxa.museunacional.cat\/es\/wp-json\/wp\/v2\/media?parent=5095"}],"curies":[{"name":"wp","href":"https:\/\/api.w.org\/{rel}","templated":true}]}}