{"id":5155,"date":"2023-03-21T17:43:30","date_gmt":"2023-03-21T15:43:30","guid":{"rendered":"https:\/\/xarxa.museunacional.cat\/transparencia\/"},"modified":"2023-06-20T13:02:23","modified_gmt":"2023-06-20T11:02:23","slug":"transparencia","status":"publish","type":"page","link":"https:\/\/xarxa.museunacional.cat\/es\/transparencia\/","title":{"rendered":"Transparencia"},"content":{"rendered":"<div class=\"wpb-content-wrapper\"><p>[vc_row css_animation=\u00bb\u00bb row_type=\u00bbrow\u00bb use_row_as_full_screen_section=\u00bbno\u00bb type=\u00bbfull_width\u00bb angled_section=\u00bbno\u00bb text_align=\u00bbleft\u00bb background_image_as_pattern=\u00bbwithout_pattern\u00bb][vc_column][vc_empty_space height=\u00bb52px\u00bb][\/vc_column][\/vc_row][vc_row css_animation=\u00bb\u00bb row_type=\u00bbrow\u00bb use_row_as_full_screen_section=\u00bbno\u00bb type=\u00bbfull_width\u00bb angled_section=\u00bbno\u00bb text_align=\u00bbleft\u00bb background_image_as_pattern=\u00bbwithout_pattern\u00bb z_index=\u00bb\u00bb][vc_column css_animation=\u00bbnone\u00bb width=\u00bb1\/2&#8243;][vc_column_text el_class=\u00bbtexteg2&#8243;]La <strong>Xarxa de Museus d\u2019Art de Catalunya<\/strong>, con la voluntad de trabajar con una pol\u00edtica de responsabilidad social, tiene un compromiso institucional con la transparencia y el buen gobierno, y por eso quiere poner a disposici\u00f3n de los usuarios la informaci\u00f3n relevante de la Red, as\u00ed como, compartir las estrategias y los planes de actuaciones para que sea posible evaluar su grado de cumplimiento.<\/p>\n<p>[\/vc_column_text][vc_empty_space][vc_column_text]<\/p>\n<h3>Documentos<\/h3>\n<p>[\/vc_column_text][vc_empty_space][vc_column_text css=\u00bb.vc_custom_1687257781036{margin-right: 0px !important;border-right-width: 0px !important;padding-right: 0px !important;}\u00bb el_class=\u00bbtexteg2&#8243;]<b><a href=\"\/wp-content\/uploads\/2023\/06\/Programa_actuacions_XMAC.pdf\" target=\"_blank\" rel=\"noopener\"><img loading=\"lazy\" decoding=\"async\" class=\"alignnone wp-image-4999 size-thumbnail\" src=\"https:\/\/xarxa.museunacional.cat\/wp-content\/uploads\/2023\/06\/miniatura-1-150x150.jpg\" alt=\"\" width=\"150\" height=\"150\" srcset=\"https:\/\/xarxa.museunacional.cat\/wp-content\/uploads\/2023\/06\/miniatura-1-150x150.jpg 150w, https:\/\/xarxa.museunacional.cat\/wp-content\/uploads\/2023\/06\/miniatura-1-300x300.jpg 300w, https:\/\/xarxa.museunacional.cat\/wp-content\/uploads\/2023\/06\/miniatura-1.jpg 500w\" sizes=\"auto, (max-width: 150px) 100vw, 150px\" \/><\/a><\/b><\/p>\n<h4><b>Programa de Actuaciones 2022-2025<\/b><\/h4>\n<p><span style=\"color: #008000;\"><a style=\"color: #008000;\" href=\"\/wp-content\/uploads\/2023\/06\/Programa_actuacions_XMAC.pdf\" target=\"_blank\" rel=\"noopener\">Ver documento (PDF), (en catal\u00e1n)<\/a><\/span>[\/vc_column_text][\/vc_column][vc_column width=\u00bb1\/2&#8243;][vc_single_image image=\u00bb1192&#8243; img_size=\u00bblarge\u00bb alignment=\u00bbright\u00bb qode_css_animation=\u00bbelement_from_right\u00bb][vc_column_text]<\/p>\n<h6 style=\"text-align: right;\">Bajo la sombrilla<br \/>\nME 691. Llu\u00eds Masriera Ros\u00e9s<br \/>\n(Barcelona 1872 \u2013 1958). c.1925<br \/>\n\u00d3leo sobre madera. 39,5 x 52,5 cm. Donaci\u00f3n del autor<\/h6>\n<p>[\/vc_column_text][\/vc_column][\/vc_row][vc_row css_animation=\u00bb\u00bb row_type=\u00bbrow\u00bb use_row_as_full_screen_section=\u00bbno\u00bb type=\u00bbfull_width\u00bb angled_section=\u00bbno\u00bb text_align=\u00bbleft\u00bb background_image_as_pattern=\u00bbwithout_pattern\u00bb][vc_column][vc_empty_space height=\u00bb50px\u00bb][\/vc_column][\/vc_row]<\/p>\n<\/div>","protected":false},"excerpt":{"rendered":"<p>[vc_row css_animation=\u00bb\u00bb row_type=\u00bbrow\u00bb use_row_as_full_screen_section=\u00bbno\u00bb type=\u00bbfull_width\u00bb angled_section=\u00bbno\u00bb text_align=\u00bbleft\u00bb background_image_as_pattern=\u00bbwithout_pattern\u00bb][vc_column][vc_empty_space height=\u00bb52px\u00bb][\/vc_column][\/vc_row][vc_row css_animation=\u00bb\u00bb row_type=\u00bbrow\u00bb use_row_as_full_screen_section=\u00bbno\u00bb type=\u00bbfull_width\u00bb angled_section=\u00bbno\u00bb text_align=\u00bbleft\u00bb background_image_as_pattern=\u00bbwithout_pattern\u00bb z_index=\u00bb\u00bb][vc_column css_animation=\u00bbnone\u00bb width=\u00bb1\/2&#8243;][vc_column_text el_class=\u00bbtexteg2&#8243;]La Xarxa de Museus d\u2019Art de Catalunya, con la voluntad de trabajar con una pol\u00edtica de responsabilidad social, tiene un compromiso institucional con la transparencia y&#8230;<\/p>\n","protected":false},"author":1,"featured_media":0,"parent":0,"menu_order":0,"comment_status":"closed","ping_status":"closed","template":"","meta":{"_acf_changed":false,"inline_featured_image":false,"_vp_format_video_url":"","_vp_image_focal_point":[],"footnotes":""},"class_list":["post-5155","page","type-page","status-publish","hentry"],"acf":[],"yoast_head":"<!-- This site is optimized with the Yoast SEO plugin v27.2 - https:\/\/yoast.com\/product\/yoast-seo-wordpress\/ -->\n<title>Transparencia - Xarxa de Museus d\u2019Art de Catalunya<\/title>\n<meta name=\"robots\" content=\"index, follow, max-snippet:-1, max-image-preview:large, max-video-preview:-1\" \/>\n<link rel=\"canonical\" href=\"https:\/\/xarxa.museunacional.cat\/es\/transparencia\/\" \/>\n<meta property=\"og:locale\" content=\"es_ES\" \/>\n<meta property=\"og:type\" content=\"article\" \/>\n<meta property=\"og:title\" content=\"Transparencia - Xarxa de Museus d\u2019Art de Catalunya\" \/>\n<meta property=\"og:description\" content=\"[vc_row css_animation=\u00bb\u00bb row_type=\u00bbrow\u00bb use_row_as_full_screen_section=\u00bbno\u00bb type=\u00bbfull_width\u00bb angled_section=\u00bbno\u00bb text_align=\u00bbleft\u00bb background_image_as_pattern=\u00bbwithout_pattern\u00bb][vc_column][vc_empty_space height=\u00bb52px\u00bb][\/vc_column][\/vc_row][vc_row css_animation=\u00bb\u00bb row_type=\u00bbrow\u00bb use_row_as_full_screen_section=\u00bbno\u00bb type=\u00bbfull_width\u00bb angled_section=\u00bbno\u00bb text_align=\u00bbleft\u00bb background_image_as_pattern=\u00bbwithout_pattern\u00bb z_index=\u00bb\u00bb][vc_column css_animation=\u00bbnone\u00bb width=\u00bb1\/2&#8243;][vc_column_text el_class=\u00bbtexteg2&#8243;]La Xarxa de Museus d\u2019Art de Catalunya, con la voluntad de trabajar con una pol\u00edtica de responsabilidad social, tiene un compromiso institucional con la transparencia y...\" \/>\n<meta property=\"og:url\" content=\"https:\/\/xarxa.museunacional.cat\/es\/transparencia\/\" \/>\n<meta property=\"og:site_name\" content=\"Xarxa de Museus d\u2019Art de Catalunya\" \/>\n<meta property=\"article:modified_time\" content=\"2023-06-20T11:02:23+00:00\" \/>\n<meta property=\"og:image\" content=\"https:\/\/xarxa.museunacional.cat\/wp-content\/uploads\/2023\/06\/miniatura-1-150x150.jpg\" \/>\n<meta name=\"twitter:card\" content=\"summary_large_image\" \/>\n<meta name=\"twitter:label1\" content=\"Tiempo de lectura\" \/>\n\t<meta name=\"twitter:data1\" content=\"1 minuto\" \/>\n<script type=\"application\/ld+json\" class=\"yoast-schema-graph\">{\"@context\":\"https:\/\/schema.org\",\"@graph\":[{\"@type\":\"WebPage\",\"@id\":\"https:\/\/xarxa.museunacional.cat\/es\/transparencia\/\",\"url\":\"https:\/\/xarxa.museunacional.cat\/es\/transparencia\/\",\"name\":\"Transparencia - Xarxa de Museus d\u2019Art de Catalunya\",\"isPartOf\":{\"@id\":\"https:\/\/xarxa.museunacional.cat\/#website\"},\"primaryImageOfPage\":{\"@id\":\"https:\/\/xarxa.museunacional.cat\/es\/transparencia\/#primaryimage\"},\"image\":{\"@id\":\"https:\/\/xarxa.museunacional.cat\/es\/transparencia\/#primaryimage\"},\"thumbnailUrl\":\"https:\/\/xarxa.museunacional.cat\/wp-content\/uploads\/2023\/06\/miniatura-1-150x150.jpg\",\"datePublished\":\"2023-03-21T15:43:30+00:00\",\"dateModified\":\"2023-06-20T11:02:23+00:00\",\"breadcrumb\":{\"@id\":\"https:\/\/xarxa.museunacional.cat\/es\/transparencia\/#breadcrumb\"},\"inLanguage\":\"es\",\"potentialAction\":[{\"@type\":\"ReadAction\",\"target\":[\"https:\/\/xarxa.museunacional.cat\/es\/transparencia\/\"]}]},{\"@type\":\"ImageObject\",\"inLanguage\":\"es\",\"@id\":\"https:\/\/xarxa.museunacional.cat\/es\/transparencia\/#primaryimage\",\"url\":\"https:\/\/xarxa.museunacional.cat\/wp-content\/uploads\/2023\/06\/miniatura-1-150x150.jpg\",\"contentUrl\":\"https:\/\/xarxa.museunacional.cat\/wp-content\/uploads\/2023\/06\/miniatura-1-150x150.jpg\"},{\"@type\":\"BreadcrumbList\",\"@id\":\"https:\/\/xarxa.museunacional.cat\/es\/transparencia\/#breadcrumb\",\"itemListElement\":[{\"@type\":\"ListItem\",\"position\":1,\"name\":\"Inici\",\"item\":\"https:\/\/xarxa.museunacional.cat\/es\/\"},{\"@type\":\"ListItem\",\"position\":2,\"name\":\"Transparencia\"}]},{\"@type\":\"WebSite\",\"@id\":\"https:\/\/xarxa.museunacional.cat\/#website\",\"url\":\"https:\/\/xarxa.museunacional.cat\/\",\"name\":\"Xarxa de Museus d\u2019Art de Catalunya\",\"description\":\"Un altre lloc gestionat amb el WordPress\",\"publisher\":{\"@id\":\"https:\/\/xarxa.museunacional.cat\/#organization\"},\"potentialAction\":[{\"@type\":\"SearchAction\",\"target\":{\"@type\":\"EntryPoint\",\"urlTemplate\":\"https:\/\/xarxa.museunacional.cat\/?s={search_term_string}\"},\"query-input\":{\"@type\":\"PropertyValueSpecification\",\"valueRequired\":true,\"valueName\":\"search_term_string\"}}],\"inLanguage\":\"es\"},{\"@type\":\"Organization\",\"@id\":\"https:\/\/xarxa.museunacional.cat\/#organization\",\"name\":\"Xarxa de Museus d\u2019Art de Catalunya\",\"url\":\"https:\/\/xarxa.museunacional.cat\/\",\"logo\":{\"@type\":\"ImageObject\",\"inLanguage\":\"es\",\"@id\":\"https:\/\/xarxa.museunacional.cat\/#\/schema\/logo\/image\/\",\"url\":\"https:\/\/xarxa.museunacional.cat\/wp-content\/uploads\/2024\/08\/logo.png\",\"contentUrl\":\"https:\/\/xarxa.museunacional.cat\/wp-content\/uploads\/2024\/08\/logo.png\",\"width\":400,\"height\":88,\"caption\":\"Xarxa de Museus d\u2019Art de Catalunya\"},\"image\":{\"@id\":\"https:\/\/xarxa.museunacional.cat\/#\/schema\/logo\/image\/\"}}]}<\/script>\n<!-- \/ Yoast SEO plugin. -->","yoast_head_json":{"title":"Transparencia - Xarxa de Museus d\u2019Art de Catalunya","robots":{"index":"index","follow":"follow","max-snippet":"max-snippet:-1","max-image-preview":"max-image-preview:large","max-video-preview":"max-video-preview:-1"},"canonical":"https:\/\/xarxa.museunacional.cat\/es\/transparencia\/","og_locale":"es_ES","og_type":"article","og_title":"Transparencia - Xarxa de Museus d\u2019Art de Catalunya","og_description":"[vc_row css_animation=\u00bb\u00bb row_type=\u00bbrow\u00bb use_row_as_full_screen_section=\u00bbno\u00bb type=\u00bbfull_width\u00bb angled_section=\u00bbno\u00bb text_align=\u00bbleft\u00bb background_image_as_pattern=\u00bbwithout_pattern\u00bb][vc_column][vc_empty_space height=\u00bb52px\u00bb][\/vc_column][\/vc_row][vc_row css_animation=\u00bb\u00bb row_type=\u00bbrow\u00bb use_row_as_full_screen_section=\u00bbno\u00bb type=\u00bbfull_width\u00bb angled_section=\u00bbno\u00bb text_align=\u00bbleft\u00bb background_image_as_pattern=\u00bbwithout_pattern\u00bb z_index=\u00bb\u00bb][vc_column css_animation=\u00bbnone\u00bb width=\u00bb1\/2&#8243;][vc_column_text el_class=\u00bbtexteg2&#8243;]La Xarxa de Museus d\u2019Art de Catalunya, con la voluntad de trabajar con una pol\u00edtica de responsabilidad social, tiene un compromiso institucional con la transparencia y...","og_url":"https:\/\/xarxa.museunacional.cat\/es\/transparencia\/","og_site_name":"Xarxa de Museus d\u2019Art de Catalunya","article_modified_time":"2023-06-20T11:02:23+00:00","og_image":[{"url":"https:\/\/xarxa.museunacional.cat\/wp-content\/uploads\/2023\/06\/miniatura-1-150x150.jpg","type":"","width":"","height":""}],"twitter_card":"summary_large_image","twitter_misc":{"Tiempo de lectura":"1 minuto"},"schema":{"@context":"https:\/\/schema.org","@graph":[{"@type":"WebPage","@id":"https:\/\/xarxa.museunacional.cat\/es\/transparencia\/","url":"https:\/\/xarxa.museunacional.cat\/es\/transparencia\/","name":"Transparencia - Xarxa de Museus d\u2019Art de Catalunya","isPartOf":{"@id":"https:\/\/xarxa.museunacional.cat\/#website"},"primaryImageOfPage":{"@id":"https:\/\/xarxa.museunacional.cat\/es\/transparencia\/#primaryimage"},"image":{"@id":"https:\/\/xarxa.museunacional.cat\/es\/transparencia\/#primaryimage"},"thumbnailUrl":"https:\/\/xarxa.museunacional.cat\/wp-content\/uploads\/2023\/06\/miniatura-1-150x150.jpg","datePublished":"2023-03-21T15:43:30+00:00","dateModified":"2023-06-20T11:02:23+00:00","breadcrumb":{"@id":"https:\/\/xarxa.museunacional.cat\/es\/transparencia\/#breadcrumb"},"inLanguage":"es","potentialAction":[{"@type":"ReadAction","target":["https:\/\/xarxa.museunacional.cat\/es\/transparencia\/"]}]},{"@type":"ImageObject","inLanguage":"es","@id":"https:\/\/xarxa.museunacional.cat\/es\/transparencia\/#primaryimage","url":"https:\/\/xarxa.museunacional.cat\/wp-content\/uploads\/2023\/06\/miniatura-1-150x150.jpg","contentUrl":"https:\/\/xarxa.museunacional.cat\/wp-content\/uploads\/2023\/06\/miniatura-1-150x150.jpg"},{"@type":"BreadcrumbList","@id":"https:\/\/xarxa.museunacional.cat\/es\/transparencia\/#breadcrumb","itemListElement":[{"@type":"ListItem","position":1,"name":"Inici","item":"https:\/\/xarxa.museunacional.cat\/es\/"},{"@type":"ListItem","position":2,"name":"Transparencia"}]},{"@type":"WebSite","@id":"https:\/\/xarxa.museunacional.cat\/#website","url":"https:\/\/xarxa.museunacional.cat\/","name":"Xarxa de Museus d\u2019Art de Catalunya","description":"Un altre lloc gestionat amb el WordPress","publisher":{"@id":"https:\/\/xarxa.museunacional.cat\/#organization"},"potentialAction":[{"@type":"SearchAction","target":{"@type":"EntryPoint","urlTemplate":"https:\/\/xarxa.museunacional.cat\/?s={search_term_string}"},"query-input":{"@type":"PropertyValueSpecification","valueRequired":true,"valueName":"search_term_string"}}],"inLanguage":"es"},{"@type":"Organization","@id":"https:\/\/xarxa.museunacional.cat\/#organization","name":"Xarxa de Museus d\u2019Art de Catalunya","url":"https:\/\/xarxa.museunacional.cat\/","logo":{"@type":"ImageObject","inLanguage":"es","@id":"https:\/\/xarxa.museunacional.cat\/#\/schema\/logo\/image\/","url":"https:\/\/xarxa.museunacional.cat\/wp-content\/uploads\/2024\/08\/logo.png","contentUrl":"https:\/\/xarxa.museunacional.cat\/wp-content\/uploads\/2024\/08\/logo.png","width":400,"height":88,"caption":"Xarxa de Museus d\u2019Art de Catalunya"},"image":{"@id":"https:\/\/xarxa.museunacional.cat\/#\/schema\/logo\/image\/"}}]}},"_links":{"self":[{"href":"https:\/\/xarxa.museunacional.cat\/es\/wp-json\/wp\/v2\/pages\/5155","targetHints":{"allow":["GET"]}}],"collection":[{"href":"https:\/\/xarxa.museunacional.cat\/es\/wp-json\/wp\/v2\/pages"}],"about":[{"href":"https:\/\/xarxa.museunacional.cat\/es\/wp-json\/wp\/v2\/types\/page"}],"author":[{"embeddable":true,"href":"https:\/\/xarxa.museunacional.cat\/es\/wp-json\/wp\/v2\/users\/1"}],"replies":[{"embeddable":true,"href":"https:\/\/xarxa.museunacional.cat\/es\/wp-json\/wp\/v2\/comments?post=5155"}],"version-history":[{"count":3,"href":"https:\/\/xarxa.museunacional.cat\/es\/wp-json\/wp\/v2\/pages\/5155\/revisions"}],"predecessor-version":[{"id":5285,"href":"https:\/\/xarxa.museunacional.cat\/es\/wp-json\/wp\/v2\/pages\/5155\/revisions\/5285"}],"wp:attachment":[{"href":"https:\/\/xarxa.museunacional.cat\/es\/wp-json\/wp\/v2\/media?parent=5155"}],"curies":[{"name":"wp","href":"https:\/\/api.w.org\/{rel}","templated":true}]}}