{"id":5228,"date":"2022-02-21T14:22:04","date_gmt":"2022-02-21T12:22:04","guid":{"rendered":"https:\/\/xarxa.museunacional.cat\/politica-de-privadesa\/"},"modified":"2023-06-22T12:58:50","modified_gmt":"2023-06-22T10:58:50","slug":"politica-de-privadesa","status":"publish","type":"page","link":"https:\/\/xarxa.museunacional.cat\/es\/politica-de-privadesa\/","title":{"rendered":"Pol\u00edtica de privacidad"},"content":{"rendered":"<div class=\"wpb-content-wrapper\"><p>[vc_row css_animation=\u00bb\u00bb row_type=\u00bbrow\u00bb use_row_as_full_screen_section=\u00bbno\u00bb type=\u00bbfull_width\u00bb angled_section=\u00bbno\u00bb text_align=\u00bbleft\u00bb background_image_as_pattern=\u00bbwithout_pattern\u00bb][vc_column][vc_empty_space height=\u00bb52px\u00bb][vc_column_text el_class=\u00bbtexteg2&#8243;]El <strong>Museu Nacional d\u2019Art de Catalunya<\/strong>, con sede en el Palau Nacional, Parc de Montju\u00efc. 08038 Barcelona, \u200b\u200bes el titular de la web <span style=\"color: #008000;\"><a style=\"color: #008000;\" href=\"https:\/\/xarxa.museunacional.cat\/\">xarxa.museunacional.cat<\/a><\/span>\u00a0y lo pone a disposici\u00f3n de los usuarios para hacer m\u00e1s accesibles los fondos y para difundir los servicios y actividades que ofrece, fomentando, asimismo, la generaci\u00f3n de nuevos conocimientos.<\/p>\n<p>&nbsp;<\/p>\n<h3>Propiedad intelectual de los textos y de las im\u00e1genes<\/h3>\n<p>&nbsp;<\/p>\n<p>El Museu Nacional d\u2019Art de Catalunya, en tanto que propietario intelectual de este sitio web, permite la reproducci\u00f3n de los textos siempre que no se indique lo contrario y que se mencione expresamente su fuente y la URL: \u201cWeb del Museu Nacional d\u2019Art de Catalunya de Barcelona, \u200b\u200bwww.museunacional.cat\u201d, y la autor\u00eda si consta. El Museu Nacional permite tambi\u00e9n la reproducci\u00f3n de las im\u00e1genes, los interactivos y el material audiovisual de esta web, siempre que no se indique lo contrario, que se respete su integridad y que se mencione expresamente su fuente y URL : \u201cWeb del Museu Nacional d\u2019Art de Catalunya de Barcelona, \u200b\u200b<span style=\"color: #008000;\"><a style=\"color: #008000;\" href=\"http:\/\/www.museunacional.cat\" target=\"_blank\" rel=\"noopener\">www.museunacional.cat<\/a><\/span>, y la autor\u00eda si consta, en los t\u00e9rminos y condiciones de una licencia Creative Commons CC BY-NC-SA 3.0.0 .<\/p>\n<p>&nbsp;<\/p>\n<p>Algunas de las obras pl\u00e1sticas y del material audiovisual reproducidos est\u00e1n protegidas por derechos de autor, en la mayor\u00eda de los casos gestionados por VEGAP, o por derechos de reproducci\u00f3n de otros propietarios de copyright. En estos casos, queda prohibida su reproducci\u00f3n total o parcial. El Museu Nacional d\u2019Art de Catalunya no se hace responsable del uso que hagan terceros de este material. El Museu Nacional d\u2019Art de Catalunya s\u00f3lo es responsable de la informaci\u00f3n contenida en esta web, y no asume ninguna responsabilidad por informaciones de cualquier tipo contenida en otras webs no gestionadas directamente por el museo, a las que esta web pueda remitir mediante enlaces. La finalidad de los enlaces que aparecen en este sitio web es exclusivamente informativa.<\/p>\n<p>&nbsp;<\/p>\n<h3>Uso de la WEB<\/h3>\n<p>&nbsp;<\/p>\n<p>La responsabilidad del uso de la web recae en el usuario. El museo quiere fomentar la participaci\u00f3n de los usuarios con aportaciones de opiniones y materiales para estimular la visi\u00f3n cr\u00edtica, extender el conocimiento y hacer part\u00edcipes a los dem\u00e1s usuarios. En aquellos apartados en los que se publiquen opiniones o materiales aportados voluntariamente por los usuarios, el museo se reserva el derecho de retirar todos aquellos comentarios y aportaciones que vulneren el respeto a la dignidad humana. El Museu Nacional d\u2019Art de Catalunya se reserva la facultad de efectuar en todo momento y sin necesidad de previo aviso, modificaciones y actualizaciones de la informaci\u00f3n contenida en su web o en su configuraci\u00f3n y presentaci\u00f3n. El museo no es responsable de las opiniones aportadas por los usuarios a trav\u00e9s de los espacios de participaci\u00f3n que se pongan a su disposici\u00f3n.<\/p>\n<p>&nbsp;<\/p>\n<h3>Protecci\u00f3n de datos de car\u00e1cter personal<\/h3>\n<p>&nbsp;<\/p>\n<p>De acuerdo con la aplicaci\u00f3n del Reglamento general de protecci\u00f3n de datos de la Uni\u00f3n Europea (RGPD), en vigor a partir del 25 de mayo de 2018, el Museu Nacional d\u2019Art de Catalunya ha modificado su <a href=\"https:\/\/www.museunacional.cat\/sites\/default\/files\/politica_de_privacitat.pdf\" target=\"_blank\" rel=\"noopener\" type=\"application\/pdf; length=71044\"><span style=\"color: #008000;\">Pol\u00edtica de privacidad<\/span><\/a>\u00a0(pdf &#8211; 69,3 Kb), que rige el tratamiento de sus datos de car\u00e1cter personal en su relaci\u00f3n con el museo.<\/p>\n<p>En varios apartados de la web existen formularios a disposici\u00f3n de los usuarios, en los que se solicitan datos de car\u00e1cter personal para atender las peticiones.<\/p>\n<p>En cumplimiento del RGPD, todos los datos que nos entregue a trav\u00e9s de la p\u00e1gina web ser\u00e1n tratados de acuerdo con la legalidad vigente y en ning\u00fan caso ser\u00e1n cedidos a terceros, sin la autorizaci\u00f3n expresa de los interesados.<\/p>\n<p>En cualquier momento puede ejercer sus derechos de acceso, rectificaci\u00f3n, supresi\u00f3n, oposici\u00f3n al tratamiento y solicitud de limitaci\u00f3n sobre los datos personales facilitados, presentando un escrito en la direcci\u00f3n postal del Museu Nacional d\u2019Art de Catalunya (Palau Nacional, Parc de Montju\u00efc, 08038 Barcelona) o enviando un correo electr\u00f3nico a <a href=\"mailto:dadespersonals@museunacional.cat\"><span style=\"color: #008000;\">dadespersonals@museunacional.cat<\/span><\/a>, indicando como asunto \u201cRGPD, Ejercicio Derechos\u201d. A tal efecto, ponemos a su disposici\u00f3n un <span style=\"color: #008000;\"><a style=\"color: #008000;\" href=\"https:\/\/www.museunacional.cat\/sites\/default\/files\/impres_sollicitud_exercici_de_drets.pdf\" target=\"_blank\" rel=\"noopener\" type=\"application\/pdf; length=67622\">impreso de solicitud d\u2019ejercicio de sus derechos<\/a><\/span> (pdf &#8211; 60 Kb) en materia de protecci\u00f3n de datos personales, que puede rellenar y enviarnos tanto por correo postal como electr\u00f3nico en los t\u00e9rminos indicados.<\/p>\n<p><a href=\"https:\/\/www.museunacional.cat\/sites\/default\/files\/registre_activitats_de_tractament_2019-2_0.pdf\" target=\"_blank\" rel=\"noopener\" type=\"application\/pdf; length=79883\"><span style=\"color: #008000;\">Consulte las actividades de tratamiento<\/span><\/a>\u00a0&#8211; pdf 78,6 Kb[\/vc_column_text][vc_empty_space height=\u00bb52px\u00bb][\/vc_column][\/vc_row][vc_row css_animation=\u00bb\u00bb row_type=\u00bbrow\u00bb use_row_as_full_screen_section=\u00bbno\u00bb type=\u00bbfull_width\u00bb angled_section=\u00bbno\u00bb text_align=\u00bbleft\u00bb background_image_as_pattern=\u00bbwithout_pattern\u00bb][vc_column][vc_empty_space][\/vc_column][\/vc_row]<\/p>\n<\/div>","protected":false},"excerpt":{"rendered":"<p>[vc_row css_animation=\u00bb\u00bb row_type=\u00bbrow\u00bb use_row_as_full_screen_section=\u00bbno\u00bb type=\u00bbfull_width\u00bb angled_section=\u00bbno\u00bb text_align=\u00bbleft\u00bb background_image_as_pattern=\u00bbwithout_pattern\u00bb][vc_column][vc_empty_space height=\u00bb52px\u00bb][vc_column_text el_class=\u00bbtexteg2&#8243;]El Museu Nacional d\u2019Art de Catalunya, con sede en el Palau Nacional, Parc de Montju\u00efc. 08038 Barcelona, \u200b\u200bes el titular de la web xarxa.museunacional.cat\u00a0y lo pone a disposici\u00f3n de los usuarios para hacer m\u00e1s accesibles los&#8230;<\/p>\n","protected":false},"author":1,"featured_media":0,"parent":0,"menu_order":0,"comment_status":"closed","ping_status":"open","template":"","meta":{"_acf_changed":false,"inline_featured_image":false,"_vp_format_video_url":"","_vp_image_focal_point":[],"footnotes":""},"class_list":["post-5228","page","type-page","status-publish","hentry"],"acf":[],"yoast_head":"<!-- This site is optimized with the Yoast SEO plugin v27.4 - https:\/\/yoast.com\/product\/yoast-seo-wordpress\/ -->\n<title>Pol\u00edtica de privacidad - Xarxa de Museus d\u2019Art de Catalunya<\/title>\n<meta name=\"robots\" content=\"index, follow, max-snippet:-1, max-image-preview:large, max-video-preview:-1\" \/>\n<link rel=\"canonical\" href=\"https:\/\/xarxa.museunacional.cat\/es\/politica-de-privadesa\/\" \/>\n<meta property=\"og:locale\" content=\"es_ES\" \/>\n<meta property=\"og:type\" content=\"article\" \/>\n<meta property=\"og:title\" content=\"Pol\u00edtica de privacidad - Xarxa de Museus d\u2019Art de Catalunya\" \/>\n<meta property=\"og:description\" content=\"[vc_row css_animation=\u00bb\u00bb row_type=\u00bbrow\u00bb use_row_as_full_screen_section=\u00bbno\u00bb type=\u00bbfull_width\u00bb angled_section=\u00bbno\u00bb text_align=\u00bbleft\u00bb background_image_as_pattern=\u00bbwithout_pattern\u00bb][vc_column][vc_empty_space height=\u00bb52px\u00bb][vc_column_text el_class=\u00bbtexteg2&#8243;]El Museu Nacional d\u2019Art de Catalunya, con sede en el Palau Nacional, Parc de Montju\u00efc. 08038 Barcelona, \u200b\u200bes el titular de la web xarxa.museunacional.cat\u00a0y lo pone a disposici\u00f3n de los usuarios para hacer m\u00e1s accesibles los...\" \/>\n<meta property=\"og:url\" content=\"https:\/\/xarxa.museunacional.cat\/es\/politica-de-privadesa\/\" \/>\n<meta property=\"og:site_name\" content=\"Xarxa de Museus d\u2019Art de Catalunya\" \/>\n<meta property=\"article:modified_time\" content=\"2023-06-22T10:58:50+00:00\" \/>\n<meta name=\"twitter:card\" content=\"summary_large_image\" \/>\n<meta name=\"twitter:label1\" content=\"Tiempo de lectura\" \/>\n\t<meta name=\"twitter:data1\" content=\"4 minutos\" \/>\n<script type=\"application\/ld+json\" class=\"yoast-schema-graph\">{\"@context\":\"https:\\\/\\\/schema.org\",\"@graph\":[{\"@type\":\"WebPage\",\"@id\":\"https:\\\/\\\/xarxa.museunacional.cat\\\/es\\\/politica-de-privadesa\\\/\",\"url\":\"https:\\\/\\\/xarxa.museunacional.cat\\\/es\\\/politica-de-privadesa\\\/\",\"name\":\"Pol\u00edtica de privacidad - Xarxa de Museus d\u2019Art de Catalunya\",\"isPartOf\":{\"@id\":\"https:\\\/\\\/xarxa.museunacional.cat\\\/#website\"},\"datePublished\":\"2022-02-21T12:22:04+00:00\",\"dateModified\":\"2023-06-22T10:58:50+00:00\",\"breadcrumb\":{\"@id\":\"https:\\\/\\\/xarxa.museunacional.cat\\\/es\\\/politica-de-privadesa\\\/#breadcrumb\"},\"inLanguage\":\"es\",\"potentialAction\":[{\"@type\":\"ReadAction\",\"target\":[\"https:\\\/\\\/xarxa.museunacional.cat\\\/es\\\/politica-de-privadesa\\\/\"]}]},{\"@type\":\"BreadcrumbList\",\"@id\":\"https:\\\/\\\/xarxa.museunacional.cat\\\/es\\\/politica-de-privadesa\\\/#breadcrumb\",\"itemListElement\":[{\"@type\":\"ListItem\",\"position\":1,\"name\":\"Inici\",\"item\":\"https:\\\/\\\/xarxa.museunacional.cat\\\/es\\\/\"},{\"@type\":\"ListItem\",\"position\":2,\"name\":\"Pol\u00edtica de privacidad\"}]},{\"@type\":\"WebSite\",\"@id\":\"https:\\\/\\\/xarxa.museunacional.cat\\\/#website\",\"url\":\"https:\\\/\\\/xarxa.museunacional.cat\\\/\",\"name\":\"Xarxa de Museus d\u2019Art de Catalunya\",\"description\":\"Un altre lloc gestionat amb el WordPress\",\"publisher\":{\"@id\":\"https:\\\/\\\/xarxa.museunacional.cat\\\/#organization\"},\"potentialAction\":[{\"@type\":\"SearchAction\",\"target\":{\"@type\":\"EntryPoint\",\"urlTemplate\":\"https:\\\/\\\/xarxa.museunacional.cat\\\/?s={search_term_string}\"},\"query-input\":{\"@type\":\"PropertyValueSpecification\",\"valueRequired\":true,\"valueName\":\"search_term_string\"}}],\"inLanguage\":\"es\"},{\"@type\":\"Organization\",\"@id\":\"https:\\\/\\\/xarxa.museunacional.cat\\\/#organization\",\"name\":\"Xarxa de Museus d\u2019Art de Catalunya\",\"url\":\"https:\\\/\\\/xarxa.museunacional.cat\\\/\",\"logo\":{\"@type\":\"ImageObject\",\"inLanguage\":\"es\",\"@id\":\"https:\\\/\\\/xarxa.museunacional.cat\\\/#\\\/schema\\\/logo\\\/image\\\/\",\"url\":\"https:\\\/\\\/xarxa.museunacional.cat\\\/wp-content\\\/uploads\\\/2024\\\/08\\\/logo.png\",\"contentUrl\":\"https:\\\/\\\/xarxa.museunacional.cat\\\/wp-content\\\/uploads\\\/2024\\\/08\\\/logo.png\",\"width\":400,\"height\":88,\"caption\":\"Xarxa de Museus d\u2019Art de Catalunya\"},\"image\":{\"@id\":\"https:\\\/\\\/xarxa.museunacional.cat\\\/#\\\/schema\\\/logo\\\/image\\\/\"}}]}<\/script>\n<!-- \/ Yoast SEO plugin. -->","yoast_head_json":{"title":"Pol\u00edtica de privacidad - Xarxa de Museus d\u2019Art de Catalunya","robots":{"index":"index","follow":"follow","max-snippet":"max-snippet:-1","max-image-preview":"max-image-preview:large","max-video-preview":"max-video-preview:-1"},"canonical":"https:\/\/xarxa.museunacional.cat\/es\/politica-de-privadesa\/","og_locale":"es_ES","og_type":"article","og_title":"Pol\u00edtica de privacidad - Xarxa de Museus d\u2019Art de Catalunya","og_description":"[vc_row css_animation=\u00bb\u00bb row_type=\u00bbrow\u00bb use_row_as_full_screen_section=\u00bbno\u00bb type=\u00bbfull_width\u00bb angled_section=\u00bbno\u00bb text_align=\u00bbleft\u00bb background_image_as_pattern=\u00bbwithout_pattern\u00bb][vc_column][vc_empty_space height=\u00bb52px\u00bb][vc_column_text el_class=\u00bbtexteg2&#8243;]El Museu Nacional d\u2019Art de Catalunya, con sede en el Palau Nacional, Parc de Montju\u00efc. 08038 Barcelona, \u200b\u200bes el titular de la web xarxa.museunacional.cat\u00a0y lo pone a disposici\u00f3n de los usuarios para hacer m\u00e1s accesibles los...","og_url":"https:\/\/xarxa.museunacional.cat\/es\/politica-de-privadesa\/","og_site_name":"Xarxa de Museus d\u2019Art de Catalunya","article_modified_time":"2023-06-22T10:58:50+00:00","twitter_card":"summary_large_image","twitter_misc":{"Tiempo de lectura":"4 minutos"},"schema":{"@context":"https:\/\/schema.org","@graph":[{"@type":"WebPage","@id":"https:\/\/xarxa.museunacional.cat\/es\/politica-de-privadesa\/","url":"https:\/\/xarxa.museunacional.cat\/es\/politica-de-privadesa\/","name":"Pol\u00edtica de privacidad - Xarxa de Museus d\u2019Art de Catalunya","isPartOf":{"@id":"https:\/\/xarxa.museunacional.cat\/#website"},"datePublished":"2022-02-21T12:22:04+00:00","dateModified":"2023-06-22T10:58:50+00:00","breadcrumb":{"@id":"https:\/\/xarxa.museunacional.cat\/es\/politica-de-privadesa\/#breadcrumb"},"inLanguage":"es","potentialAction":[{"@type":"ReadAction","target":["https:\/\/xarxa.museunacional.cat\/es\/politica-de-privadesa\/"]}]},{"@type":"BreadcrumbList","@id":"https:\/\/xarxa.museunacional.cat\/es\/politica-de-privadesa\/#breadcrumb","itemListElement":[{"@type":"ListItem","position":1,"name":"Inici","item":"https:\/\/xarxa.museunacional.cat\/es\/"},{"@type":"ListItem","position":2,"name":"Pol\u00edtica de privacidad"}]},{"@type":"WebSite","@id":"https:\/\/xarxa.museunacional.cat\/#website","url":"https:\/\/xarxa.museunacional.cat\/","name":"Xarxa de Museus d\u2019Art de Catalunya","description":"Un altre lloc gestionat amb el WordPress","publisher":{"@id":"https:\/\/xarxa.museunacional.cat\/#organization"},"potentialAction":[{"@type":"SearchAction","target":{"@type":"EntryPoint","urlTemplate":"https:\/\/xarxa.museunacional.cat\/?s={search_term_string}"},"query-input":{"@type":"PropertyValueSpecification","valueRequired":true,"valueName":"search_term_string"}}],"inLanguage":"es"},{"@type":"Organization","@id":"https:\/\/xarxa.museunacional.cat\/#organization","name":"Xarxa de Museus d\u2019Art de Catalunya","url":"https:\/\/xarxa.museunacional.cat\/","logo":{"@type":"ImageObject","inLanguage":"es","@id":"https:\/\/xarxa.museunacional.cat\/#\/schema\/logo\/image\/","url":"https:\/\/xarxa.museunacional.cat\/wp-content\/uploads\/2024\/08\/logo.png","contentUrl":"https:\/\/xarxa.museunacional.cat\/wp-content\/uploads\/2024\/08\/logo.png","width":400,"height":88,"caption":"Xarxa de Museus d\u2019Art de Catalunya"},"image":{"@id":"https:\/\/xarxa.museunacional.cat\/#\/schema\/logo\/image\/"}}]}},"_links":{"self":[{"href":"https:\/\/xarxa.museunacional.cat\/es\/wp-json\/wp\/v2\/pages\/5228","targetHints":{"allow":["GET"]}}],"collection":[{"href":"https:\/\/xarxa.museunacional.cat\/es\/wp-json\/wp\/v2\/pages"}],"about":[{"href":"https:\/\/xarxa.museunacional.cat\/es\/wp-json\/wp\/v2\/types\/page"}],"author":[{"embeddable":true,"href":"https:\/\/xarxa.museunacional.cat\/es\/wp-json\/wp\/v2\/users\/1"}],"replies":[{"embeddable":true,"href":"https:\/\/xarxa.museunacional.cat\/es\/wp-json\/wp\/v2\/comments?post=5228"}],"version-history":[{"count":8,"href":"https:\/\/xarxa.museunacional.cat\/es\/wp-json\/wp\/v2\/pages\/5228\/revisions"}],"predecessor-version":[{"id":5724,"href":"https:\/\/xarxa.museunacional.cat\/es\/wp-json\/wp\/v2\/pages\/5228\/revisions\/5724"}],"wp:attachment":[{"href":"https:\/\/xarxa.museunacional.cat\/es\/wp-json\/wp\/v2\/media?parent=5228"}],"curies":[{"name":"wp","href":"https:\/\/api.w.org\/{rel}","templated":true}]}}