{"id":5230,"date":"2023-01-16T18:23:17","date_gmt":"2023-01-16T16:23:17","guid":{"rendered":"https:\/\/xarxa.museunacional.cat\/credits\/"},"modified":"2023-06-21T11:35:40","modified_gmt":"2023-06-21T09:35:40","slug":"credits","status":"publish","type":"page","link":"https:\/\/xarxa.museunacional.cat\/es\/credits\/","title":{"rendered":"Cr\u00e9ditos"},"content":{"rendered":"<div class=\"wpb-content-wrapper\"><p>[vc_row css_animation=\u00bb\u00bb row_type=\u00bbrow\u00bb use_row_as_full_screen_section=\u00bbno\u00bb type=\u00bbfull_width\u00bb angled_section=\u00bbno\u00bb text_align=\u00bbleft\u00bb background_image_as_pattern=\u00bbwithout_pattern\u00bb][vc_column][vc_empty_space height=\u00bb52px\u00bb][vc_column_text el_class=\u00bbtexteg2&#8243;]<\/p>\n<h3>Im\u00e1genes<\/h3>\n<p><strong><br \/>\nFot\u00f3grafos<br \/>\n<\/strong><\/p>\n<p>Carles Aymerich, Caterina Barjau, Ant\u00f3n Brians\u00f3, Patxi Cabrero (IMMR\/Francesc X Cabrero), Carles Castro, Tony Coll, Joan Farr\u00e9, Francesc Fernandez (IMMR\/F. X. Fernandez), Xavier Padr\u00f3s, Resol, Rocco Ricci, Rafael Vargas.<\/p>\n<p>&nbsp;<\/p>\n<p><strong>Instituciones<br \/>\n<\/strong><\/p>\n<p>Arxiu fotogr\u00e0fic dels museus de Sitges, Arxiu MDCS, Biblioteca-Museu V\u00edctor Balaguer, Diputaci\u00f3 de Tarragona. Arxiu Fotogr\u00e0fic MAMT. Fot. Joan Alberich, Fons Museu de la Garrotxa \u2013 Olot, Fundaci\u00f3 Apel\u00b7les Fenosa, Fundaci\u00f3 Palau, MACBA, \u00a9 Museu d\u2019Art de Girona. Ad\u2019i (Rafel Bosch), Morera. Museu d\u2019Art Modern i Contemporani de Lleida (Antoni Lonc\u00e0 \/ Jordi V. Pou \/ Oriol Rosell), Museu d\u2019Art de Sabadell \u2013 Ajuntament de Sabadell, Museu Dioces\u00e0 d\u2019Urgell, Museu Dioces\u00e0 d\u2019Urgell (Fotografia Idil\u00b7li T\u00e0pia), Museu de l\u2019Empord\u00e0, \u00a9 Museu Episcopal de Vic (Joan D\u00edaz\/Gabriel Salvans\/Francesc Tena), \u00a9 Museu Frederic Mar\u00e8s. Foto: Ramon Muro, \u00a9 Museu Frederic Mar\u00e8s. Foto: Guillem F \u2013 H, \u00a9 Museu de Lleida: Dioces\u00e0 i Comarcal (J. V. Pou), \u00a9 Museu de Lleida: Dioces\u00e0 i Comarcal (Jos\u00e9 Luis de la Parra), \u00a9 Museu de Lleida: Dioces\u00e0 i Comarcal (Antoni Benavente), \u00a9 Museu de Manresa. Fotografies: Marta M\u00e8rida, \u00a9 Museu Nacional d\u2019Art de Catalunya\u2013 Fot\u00f2grafs Calveras\/M\u00e8rida\/Sagrist\u00e0, Museu de Valls. Fot\u00f2graf: Pere Queralt.<\/p>\n<p>&nbsp;<\/p>\n<h3>Agradecimientos<\/h3>\n<p><strong><br \/>\nMuseos<\/strong><\/p>\n<p>Biblioteca Museu V\u00edctor Balaguer, Fundaci\u00f3 Apel\u00b7les Fenosa, Fundaci\u00f3 Palau, Museus de Sitges, MACBA, Museu d\u2019Art de Girona, Morera. Museu d\u2019Art Modern i Contemporani de Lleida, MAMT Museu d\u2019Art Modern de Tarragona, Museu d\u2019Art de Sabadell, Museu Dioces\u00e0 i Comarcal de Solsona, Museu Dioces\u00e0 de Tarragona, Museu Dioces\u00e0 d\u2019Urgell, Museu del Disseny de Barcelona, Museu de l\u2019Empord\u00e0, MEV. Museu d\u2019Art Medieval, Museu Frederic Mar\u00e8s, Museu de la Garrotxa, Museu de Lleida Dioces\u00e0 i Comarcal, Museu de Manresa, Museu de Reus, Museu de Valls.<\/p>\n<p>&nbsp;<\/p>\n<h3><strong>Un proyecto del Museu Nacional d\u2019Art de Catalunya<\/strong><\/h3>\n<p>&nbsp;<\/p>\n<p>Coordinaci\u00f3n general: Museu Nacional d\u2019Art de Catalunya<\/p>\n<p>Con el apoyo del Departamento de Cultura de la Generalitat de Catalu\u00f1a[\/vc_column_text][vc_empty_space][\/vc_column][\/vc_row]<\/p>\n<\/div>","protected":false},"excerpt":{"rendered":"<p>[vc_row css_animation=\u00bb\u00bb row_type=\u00bbrow\u00bb use_row_as_full_screen_section=\u00bbno\u00bb type=\u00bbfull_width\u00bb angled_section=\u00bbno\u00bb text_align=\u00bbleft\u00bb background_image_as_pattern=\u00bbwithout_pattern\u00bb][vc_column][vc_empty_space height=\u00bb52px\u00bb][vc_column_text el_class=\u00bbtexteg2&#8243;] Im\u00e1genes Fot\u00f3grafos Carles Aymerich, Caterina Barjau, Ant\u00f3n Brians\u00f3, Patxi Cabrero (IMMR\/Francesc X Cabrero), Carles Castro, Tony Coll, Joan Farr\u00e9, Francesc Fernandez (IMMR\/F. X. Fernandez), Xavier Padr\u00f3s, Resol, Rocco Ricci, Rafael Vargas. &nbsp; Instituciones Arxiu fotogr\u00e0fic&#8230;<\/p>\n","protected":false},"author":1,"featured_media":0,"parent":0,"menu_order":0,"comment_status":"closed","ping_status":"closed","template":"","meta":{"_acf_changed":false,"inline_featured_image":false,"_vp_format_video_url":"","_vp_image_focal_point":[],"footnotes":""},"class_list":["post-5230","page","type-page","status-publish","hentry"],"acf":[],"yoast_head":"<!-- This site is optimized with the Yoast SEO plugin v27.2 - https:\/\/yoast.com\/product\/yoast-seo-wordpress\/ -->\n<title>Cr\u00e9ditos - Xarxa de Museus d\u2019Art de Catalunya<\/title>\n<meta name=\"robots\" content=\"index, follow, max-snippet:-1, max-image-preview:large, max-video-preview:-1\" \/>\n<link rel=\"canonical\" href=\"https:\/\/xarxa.museunacional.cat\/es\/credits\/\" \/>\n<meta property=\"og:locale\" content=\"es_ES\" \/>\n<meta property=\"og:type\" content=\"article\" \/>\n<meta property=\"og:title\" content=\"Cr\u00e9ditos - Xarxa de Museus d\u2019Art de Catalunya\" \/>\n<meta property=\"og:description\" content=\"[vc_row css_animation=\u00bb\u00bb row_type=\u00bbrow\u00bb use_row_as_full_screen_section=\u00bbno\u00bb type=\u00bbfull_width\u00bb angled_section=\u00bbno\u00bb text_align=\u00bbleft\u00bb background_image_as_pattern=\u00bbwithout_pattern\u00bb][vc_column][vc_empty_space height=\u00bb52px\u00bb][vc_column_text el_class=\u00bbtexteg2&#8243;] Im\u00e1genes Fot\u00f3grafos Carles Aymerich, Caterina Barjau, Ant\u00f3n Brians\u00f3, Patxi Cabrero (IMMR\/Francesc X Cabrero), Carles Castro, Tony Coll, Joan Farr\u00e9, Francesc Fernandez (IMMR\/F. X. Fernandez), Xavier Padr\u00f3s, Resol, Rocco Ricci, Rafael Vargas. &nbsp; Instituciones Arxiu fotogr\u00e0fic...\" \/>\n<meta property=\"og:url\" content=\"https:\/\/xarxa.museunacional.cat\/es\/credits\/\" \/>\n<meta property=\"og:site_name\" content=\"Xarxa de Museus d\u2019Art de Catalunya\" \/>\n<meta property=\"article:modified_time\" content=\"2023-06-21T09:35:40+00:00\" \/>\n<meta name=\"twitter:card\" content=\"summary_large_image\" \/>\n<meta name=\"twitter:label1\" content=\"Tiempo de lectura\" \/>\n\t<meta name=\"twitter:data1\" content=\"2 minutos\" \/>\n<script type=\"application\/ld+json\" class=\"yoast-schema-graph\">{\"@context\":\"https:\/\/schema.org\",\"@graph\":[{\"@type\":\"WebPage\",\"@id\":\"https:\/\/xarxa.museunacional.cat\/es\/credits\/\",\"url\":\"https:\/\/xarxa.museunacional.cat\/es\/credits\/\",\"name\":\"Cr\u00e9ditos - Xarxa de Museus d\u2019Art de Catalunya\",\"isPartOf\":{\"@id\":\"https:\/\/xarxa.museunacional.cat\/#website\"},\"datePublished\":\"2023-01-16T16:23:17+00:00\",\"dateModified\":\"2023-06-21T09:35:40+00:00\",\"breadcrumb\":{\"@id\":\"https:\/\/xarxa.museunacional.cat\/es\/credits\/#breadcrumb\"},\"inLanguage\":\"es\",\"potentialAction\":[{\"@type\":\"ReadAction\",\"target\":[\"https:\/\/xarxa.museunacional.cat\/es\/credits\/\"]}]},{\"@type\":\"BreadcrumbList\",\"@id\":\"https:\/\/xarxa.museunacional.cat\/es\/credits\/#breadcrumb\",\"itemListElement\":[{\"@type\":\"ListItem\",\"position\":1,\"name\":\"Inici\",\"item\":\"https:\/\/xarxa.museunacional.cat\/es\/\"},{\"@type\":\"ListItem\",\"position\":2,\"name\":\"Cr\u00e9ditos\"}]},{\"@type\":\"WebSite\",\"@id\":\"https:\/\/xarxa.museunacional.cat\/#website\",\"url\":\"https:\/\/xarxa.museunacional.cat\/\",\"name\":\"Xarxa de Museus d\u2019Art de Catalunya\",\"description\":\"Un altre lloc gestionat amb el WordPress\",\"publisher\":{\"@id\":\"https:\/\/xarxa.museunacional.cat\/#organization\"},\"potentialAction\":[{\"@type\":\"SearchAction\",\"target\":{\"@type\":\"EntryPoint\",\"urlTemplate\":\"https:\/\/xarxa.museunacional.cat\/?s={search_term_string}\"},\"query-input\":{\"@type\":\"PropertyValueSpecification\",\"valueRequired\":true,\"valueName\":\"search_term_string\"}}],\"inLanguage\":\"es\"},{\"@type\":\"Organization\",\"@id\":\"https:\/\/xarxa.museunacional.cat\/#organization\",\"name\":\"Xarxa de Museus d\u2019Art de Catalunya\",\"url\":\"https:\/\/xarxa.museunacional.cat\/\",\"logo\":{\"@type\":\"ImageObject\",\"inLanguage\":\"es\",\"@id\":\"https:\/\/xarxa.museunacional.cat\/#\/schema\/logo\/image\/\",\"url\":\"https:\/\/xarxa.museunacional.cat\/wp-content\/uploads\/2024\/08\/logo.png\",\"contentUrl\":\"https:\/\/xarxa.museunacional.cat\/wp-content\/uploads\/2024\/08\/logo.png\",\"width\":400,\"height\":88,\"caption\":\"Xarxa de Museus d\u2019Art de Catalunya\"},\"image\":{\"@id\":\"https:\/\/xarxa.museunacional.cat\/#\/schema\/logo\/image\/\"}}]}<\/script>\n<!-- \/ Yoast SEO plugin. -->","yoast_head_json":{"title":"Cr\u00e9ditos - Xarxa de Museus d\u2019Art de Catalunya","robots":{"index":"index","follow":"follow","max-snippet":"max-snippet:-1","max-image-preview":"max-image-preview:large","max-video-preview":"max-video-preview:-1"},"canonical":"https:\/\/xarxa.museunacional.cat\/es\/credits\/","og_locale":"es_ES","og_type":"article","og_title":"Cr\u00e9ditos - Xarxa de Museus d\u2019Art de Catalunya","og_description":"[vc_row css_animation=\u00bb\u00bb row_type=\u00bbrow\u00bb use_row_as_full_screen_section=\u00bbno\u00bb type=\u00bbfull_width\u00bb angled_section=\u00bbno\u00bb text_align=\u00bbleft\u00bb background_image_as_pattern=\u00bbwithout_pattern\u00bb][vc_column][vc_empty_space height=\u00bb52px\u00bb][vc_column_text el_class=\u00bbtexteg2&#8243;] Im\u00e1genes Fot\u00f3grafos Carles Aymerich, Caterina Barjau, Ant\u00f3n Brians\u00f3, Patxi Cabrero (IMMR\/Francesc X Cabrero), Carles Castro, Tony Coll, Joan Farr\u00e9, Francesc Fernandez (IMMR\/F. X. Fernandez), Xavier Padr\u00f3s, Resol, Rocco Ricci, Rafael Vargas. &nbsp; Instituciones Arxiu fotogr\u00e0fic...","og_url":"https:\/\/xarxa.museunacional.cat\/es\/credits\/","og_site_name":"Xarxa de Museus d\u2019Art de Catalunya","article_modified_time":"2023-06-21T09:35:40+00:00","twitter_card":"summary_large_image","twitter_misc":{"Tiempo de lectura":"2 minutos"},"schema":{"@context":"https:\/\/schema.org","@graph":[{"@type":"WebPage","@id":"https:\/\/xarxa.museunacional.cat\/es\/credits\/","url":"https:\/\/xarxa.museunacional.cat\/es\/credits\/","name":"Cr\u00e9ditos - Xarxa de Museus d\u2019Art de Catalunya","isPartOf":{"@id":"https:\/\/xarxa.museunacional.cat\/#website"},"datePublished":"2023-01-16T16:23:17+00:00","dateModified":"2023-06-21T09:35:40+00:00","breadcrumb":{"@id":"https:\/\/xarxa.museunacional.cat\/es\/credits\/#breadcrumb"},"inLanguage":"es","potentialAction":[{"@type":"ReadAction","target":["https:\/\/xarxa.museunacional.cat\/es\/credits\/"]}]},{"@type":"BreadcrumbList","@id":"https:\/\/xarxa.museunacional.cat\/es\/credits\/#breadcrumb","itemListElement":[{"@type":"ListItem","position":1,"name":"Inici","item":"https:\/\/xarxa.museunacional.cat\/es\/"},{"@type":"ListItem","position":2,"name":"Cr\u00e9ditos"}]},{"@type":"WebSite","@id":"https:\/\/xarxa.museunacional.cat\/#website","url":"https:\/\/xarxa.museunacional.cat\/","name":"Xarxa de Museus d\u2019Art de Catalunya","description":"Un altre lloc gestionat amb el WordPress","publisher":{"@id":"https:\/\/xarxa.museunacional.cat\/#organization"},"potentialAction":[{"@type":"SearchAction","target":{"@type":"EntryPoint","urlTemplate":"https:\/\/xarxa.museunacional.cat\/?s={search_term_string}"},"query-input":{"@type":"PropertyValueSpecification","valueRequired":true,"valueName":"search_term_string"}}],"inLanguage":"es"},{"@type":"Organization","@id":"https:\/\/xarxa.museunacional.cat\/#organization","name":"Xarxa de Museus d\u2019Art de Catalunya","url":"https:\/\/xarxa.museunacional.cat\/","logo":{"@type":"ImageObject","inLanguage":"es","@id":"https:\/\/xarxa.museunacional.cat\/#\/schema\/logo\/image\/","url":"https:\/\/xarxa.museunacional.cat\/wp-content\/uploads\/2024\/08\/logo.png","contentUrl":"https:\/\/xarxa.museunacional.cat\/wp-content\/uploads\/2024\/08\/logo.png","width":400,"height":88,"caption":"Xarxa de Museus d\u2019Art de Catalunya"},"image":{"@id":"https:\/\/xarxa.museunacional.cat\/#\/schema\/logo\/image\/"}}]}},"_links":{"self":[{"href":"https:\/\/xarxa.museunacional.cat\/es\/wp-json\/wp\/v2\/pages\/5230","targetHints":{"allow":["GET"]}}],"collection":[{"href":"https:\/\/xarxa.museunacional.cat\/es\/wp-json\/wp\/v2\/pages"}],"about":[{"href":"https:\/\/xarxa.museunacional.cat\/es\/wp-json\/wp\/v2\/types\/page"}],"author":[{"embeddable":true,"href":"https:\/\/xarxa.museunacional.cat\/es\/wp-json\/wp\/v2\/users\/1"}],"replies":[{"embeddable":true,"href":"https:\/\/xarxa.museunacional.cat\/es\/wp-json\/wp\/v2\/comments?post=5230"}],"version-history":[{"count":3,"href":"https:\/\/xarxa.museunacional.cat\/es\/wp-json\/wp\/v2\/pages\/5230\/revisions"}],"predecessor-version":[{"id":5519,"href":"https:\/\/xarxa.museunacional.cat\/es\/wp-json\/wp\/v2\/pages\/5230\/revisions\/5519"}],"wp:attachment":[{"href":"https:\/\/xarxa.museunacional.cat\/es\/wp-json\/wp\/v2\/media?parent=5230"}],"curies":[{"name":"wp","href":"https:\/\/api.w.org\/{rel}","templated":true}]}}