{"id":7659,"date":"2024-03-02T08:29:30","date_gmt":"2024-03-02T06:29:30","guid":{"rendered":"https:\/\/xarxa.museunacional.cat\/artistas-femenino-plural\/"},"modified":"2024-03-06T20:38:39","modified_gmt":"2024-03-06T18:38:39","slug":"artistas-femenino-plural","status":"publish","type":"page","link":"https:\/\/xarxa.museunacional.cat\/es\/artistas-femenino-plural\/","title":{"rendered":"Artistas. Femenino plural"},"content":{"rendered":"<div class=\"wpb-content-wrapper\"><p>[vc_row css_animation=\u00bb\u00bb row_type=\u00bbrow\u00bb use_row_as_full_screen_section=\u00bbno\u00bb type=\u00bbfull_width\u00bb angled_section=\u00bbno\u00bb text_align=\u00bbleft\u00bb background_image_as_pattern=\u00bbwithout_pattern\u00bb][vc_column width=\u00bb1\/2&#8243; el_class=\u00bbafp-content\u00bb][vc_column_text]<\/p>\n<p><strong>La Red de Museos de Arte de Catalu\u00f1a hace p\u00fablico un censo con m\u00e1s de 1.300 artistas identificadas en sus colecciones y recoge algunas de sus voces a trav\u00e9s de la grabaci\u00f3n de entrevistas.<\/strong><\/p>\n<p>Desde 2019 la <strong>Xarxa de Museus d\u2019Art de Catalunya<\/strong> est\u00e1 impulsando la <strong>investigaci\u00f3n y el estudio de las artistas<\/strong> que forman parte de sus colecciones con la idea de rescatarlas y recuperar su obra y su memoria. Se trabaja con el objetivo de reivindicar el papel que las artistas han tenido en el arte catal\u00e1n y tambi\u00e9n con la necesidad de generar nuevas investigaciones para poner en valor y difundir sus creaciones.<\/p>\n<p>Dirigido por la investigadora e historiadora del arte <strong>Elina Norandi<\/strong>, ponemos al alcance de todos este censo en el que se han identificado <strong>m\u00e1s de 1.300 artistas<\/strong> <strong>desde el siglo XVII hasta nuestros d\u00edas<\/strong>, <strong>con una presencia mayoritaria de artistas contempor\u00e1neas<\/strong>. Un censo que ha hecho emerger del olvido una cifra muy significativa de autoras y que debe servir para estudiar y dar voz a m\u00e1s artistas, muchas hasta ahora desconocidas o de las que tenemos muy poca informaci\u00f3n.<\/p>\n<p>El trabajo de recopilar los datos b\u00e1sicos de todas las artistas presentes en los museos de la Xarxa de Museus d\u2019Art posibilitar\u00e1 el hecho de elaborar una genealog\u00eda art\u00edstica femenina en nuestro pa\u00eds y puede convertirse en un punto de partida para empezar a profunditzar en ello tanto en el \u00e1mbito muse\u00edstico como en el acad\u00e9mico. Asimismo, debe favorecer la detecci\u00f3n de carencias en las colecciones p\u00fablicas y estimular el incremento de obras de artistas en las nuevas adquisiciones.<\/p>\n<p>Se trata de un proyecto en proceso, poroso, que contribuir\u00e1 a sentar las bases para desplegar un estudio m\u00e1s profundo de <strong>car\u00e1cter abierto.<\/strong> La voluntad es hacerlo crecer y completarlo con m\u00e1s datos que se ir\u00e1n incorporando a partir de nuevas adquisiciones, investigaciones o exposiciones, etc.<\/p>\n<p><a class=\"cpta-link\" href=\"https:\/\/xarxa.museunacional.cat\/es\/artistas-femenino-plural\/censo-de-artistas\/\">Acceder al censo de artistas&nbsp;<span class=\"fa fa-arrow-right\"><\/span><\/a><\/p>\n<p><a class=\"cpta-link\" href=\"https:\/\/xarxa.museunacional.cat\/es\/artistas-femenino-plural\/voz-y-memoria\/\">Acceder a las entrevistas&nbsp;<span class=\"fa fa-arrow-right\"><\/span><\/a><\/p>\n<p>[\/vc_column_text][vc_separator type=\u00bbnormal\u00bb][\/vc_column][vc_column width=\u00bb1\/2&#8243; el_class=\u00bbafp-content-img\u00bb][vc_column_text]<\/p>\n<div class=\"img-afp\">\n<p><img decoding=\"async\" src=\"https:\/\/xarxa.museunacional.cat\/wp-content\/uploads\/2024\/03\/Lluisa-Vidal.jpg\" alt=\"Llu\u00efsa Vidal, Autorretrato, hacia 1899. Museo Nacional de Arte de Catalu\u00f1a, donaci\u00f3n de Francesca Vidal y otros hermanos del artista, 1935\"><\/p>\n<p style=\"  margin: 10px 0 20px 0;\">Llu\u00efsa Vidal, Autorretrato, hacia 1899. Museo Nacional de Arte de Catalu\u00f1a, donaci\u00f3n de Francesca Vidal y otros hermanos del artista, 1935<\/p>\n<\/div>\n<p>[\/vc_column_text][\/vc_column][\/vc_row]<\/p>\n<\/div>","protected":false},"excerpt":{"rendered":"<p>[vc_row css_animation=\u00bb\u00bb row_type=\u00bbrow\u00bb use_row_as_full_screen_section=\u00bbno\u00bb type=\u00bbfull_width\u00bb angled_section=\u00bbno\u00bb text_align=\u00bbleft\u00bb background_image_as_pattern=\u00bbwithout_pattern\u00bb][vc_column width=\u00bb1\/2&#8243; el_class=\u00bbafp-content\u00bb][vc_column_text] La Red de Museos de Arte de Catalu\u00f1a hace p\u00fablico un censo con m\u00e1s de 1.300 artistas identificadas en sus colecciones y recoge algunas de sus voces a trav\u00e9s de la grabaci\u00f3n de entrevistas. Desde&#8230;<\/p>\n","protected":false},"author":1,"featured_media":0,"parent":0,"menu_order":0,"comment_status":"closed","ping_status":"closed","template":"","meta":{"_acf_changed":false,"inline_featured_image":false,"_vp_format_video_url":"","_vp_image_focal_point":[],"footnotes":""},"class_list":["post-7659","page","type-page","status-publish","hentry"],"acf":[],"yoast_head":"<!-- This site is optimized with the Yoast SEO plugin v27.2 - https:\/\/yoast.com\/product\/yoast-seo-wordpress\/ -->\n<title>Artistas. Femenino plural - Xarxa de Museus d\u2019Art de Catalunya<\/title>\n<meta name=\"robots\" content=\"index, follow, max-snippet:-1, max-image-preview:large, max-video-preview:-1\" \/>\n<link rel=\"canonical\" href=\"https:\/\/xarxa.museunacional.cat\/es\/artistas-femenino-plural\/\" \/>\n<meta property=\"og:locale\" content=\"es_ES\" \/>\n<meta property=\"og:type\" content=\"article\" \/>\n<meta property=\"og:title\" content=\"Artistas. Femenino plural - Xarxa de Museus d\u2019Art de Catalunya\" \/>\n<meta property=\"og:description\" content=\"[vc_row css_animation=\u00bb\u00bb row_type=\u00bbrow\u00bb use_row_as_full_screen_section=\u00bbno\u00bb type=\u00bbfull_width\u00bb angled_section=\u00bbno\u00bb text_align=\u00bbleft\u00bb background_image_as_pattern=\u00bbwithout_pattern\u00bb][vc_column width=\u00bb1\/2&#8243; el_class=\u00bbafp-content\u00bb][vc_column_text] La Red de Museos de Arte de Catalu\u00f1a hace p\u00fablico un censo con m\u00e1s de 1.300 artistas identificadas en sus colecciones y recoge algunas de sus voces a trav\u00e9s de la grabaci\u00f3n de entrevistas. Desde...\" \/>\n<meta property=\"og:url\" content=\"https:\/\/xarxa.museunacional.cat\/es\/artistas-femenino-plural\/\" \/>\n<meta property=\"og:site_name\" content=\"Xarxa de Museus d\u2019Art de Catalunya\" \/>\n<meta property=\"article:modified_time\" content=\"2024-03-06T18:38:39+00:00\" \/>\n<meta property=\"og:image\" content=\"https:\/\/xarxa.museunacional.cat\/wp-content\/uploads\/2024\/03\/Lluisa-Vidal.jpg\" \/>\n<meta name=\"twitter:card\" content=\"summary_large_image\" \/>\n<meta name=\"twitter:label1\" content=\"Tiempo de lectura\" \/>\n\t<meta name=\"twitter:data1\" content=\"2 minutos\" \/>\n<script type=\"application\/ld+json\" class=\"yoast-schema-graph\">{\"@context\":\"https:\/\/schema.org\",\"@graph\":[{\"@type\":\"WebPage\",\"@id\":\"https:\/\/xarxa.museunacional.cat\/es\/artistas-femenino-plural\/\",\"url\":\"https:\/\/xarxa.museunacional.cat\/es\/artistas-femenino-plural\/\",\"name\":\"Artistas. Femenino plural - Xarxa de Museus d\u2019Art de Catalunya\",\"isPartOf\":{\"@id\":\"https:\/\/xarxa.museunacional.cat\/#website\"},\"primaryImageOfPage\":{\"@id\":\"https:\/\/xarxa.museunacional.cat\/es\/artistas-femenino-plural\/#primaryimage\"},\"image\":{\"@id\":\"https:\/\/xarxa.museunacional.cat\/es\/artistas-femenino-plural\/#primaryimage\"},\"thumbnailUrl\":\"https:\/\/xarxa.museunacional.cat\/wp-content\/uploads\/2024\/03\/Lluisa-Vidal.jpg\",\"datePublished\":\"2024-03-02T06:29:30+00:00\",\"dateModified\":\"2024-03-06T18:38:39+00:00\",\"breadcrumb\":{\"@id\":\"https:\/\/xarxa.museunacional.cat\/es\/artistas-femenino-plural\/#breadcrumb\"},\"inLanguage\":\"es\",\"potentialAction\":[{\"@type\":\"ReadAction\",\"target\":[\"https:\/\/xarxa.museunacional.cat\/es\/artistas-femenino-plural\/\"]}]},{\"@type\":\"ImageObject\",\"inLanguage\":\"es\",\"@id\":\"https:\/\/xarxa.museunacional.cat\/es\/artistas-femenino-plural\/#primaryimage\",\"url\":\"https:\/\/xarxa.museunacional.cat\/wp-content\/uploads\/2024\/03\/Lluisa-Vidal.jpg\",\"contentUrl\":\"https:\/\/xarxa.museunacional.cat\/wp-content\/uploads\/2024\/03\/Lluisa-Vidal.jpg\"},{\"@type\":\"BreadcrumbList\",\"@id\":\"https:\/\/xarxa.museunacional.cat\/es\/artistas-femenino-plural\/#breadcrumb\",\"itemListElement\":[{\"@type\":\"ListItem\",\"position\":1,\"name\":\"Inici\",\"item\":\"https:\/\/xarxa.museunacional.cat\/es\/\"},{\"@type\":\"ListItem\",\"position\":2,\"name\":\"Artistas. Femenino plural\"}]},{\"@type\":\"WebSite\",\"@id\":\"https:\/\/xarxa.museunacional.cat\/#website\",\"url\":\"https:\/\/xarxa.museunacional.cat\/\",\"name\":\"Xarxa de Museus d\u2019Art de Catalunya\",\"description\":\"Un altre lloc gestionat amb el WordPress\",\"publisher\":{\"@id\":\"https:\/\/xarxa.museunacional.cat\/#organization\"},\"potentialAction\":[{\"@type\":\"SearchAction\",\"target\":{\"@type\":\"EntryPoint\",\"urlTemplate\":\"https:\/\/xarxa.museunacional.cat\/?s={search_term_string}\"},\"query-input\":{\"@type\":\"PropertyValueSpecification\",\"valueRequired\":true,\"valueName\":\"search_term_string\"}}],\"inLanguage\":\"es\"},{\"@type\":\"Organization\",\"@id\":\"https:\/\/xarxa.museunacional.cat\/#organization\",\"name\":\"Xarxa de Museus d\u2019Art de Catalunya\",\"url\":\"https:\/\/xarxa.museunacional.cat\/\",\"logo\":{\"@type\":\"ImageObject\",\"inLanguage\":\"es\",\"@id\":\"https:\/\/xarxa.museunacional.cat\/#\/schema\/logo\/image\/\",\"url\":\"https:\/\/xarxa.museunacional.cat\/wp-content\/uploads\/2024\/08\/logo.png\",\"contentUrl\":\"https:\/\/xarxa.museunacional.cat\/wp-content\/uploads\/2024\/08\/logo.png\",\"width\":400,\"height\":88,\"caption\":\"Xarxa de Museus d\u2019Art de Catalunya\"},\"image\":{\"@id\":\"https:\/\/xarxa.museunacional.cat\/#\/schema\/logo\/image\/\"}}]}<\/script>\n<!-- \/ Yoast SEO plugin. -->","yoast_head_json":{"title":"Artistas. Femenino plural - Xarxa de Museus d\u2019Art de Catalunya","robots":{"index":"index","follow":"follow","max-snippet":"max-snippet:-1","max-image-preview":"max-image-preview:large","max-video-preview":"max-video-preview:-1"},"canonical":"https:\/\/xarxa.museunacional.cat\/es\/artistas-femenino-plural\/","og_locale":"es_ES","og_type":"article","og_title":"Artistas. Femenino plural - Xarxa de Museus d\u2019Art de Catalunya","og_description":"[vc_row css_animation=\u00bb\u00bb row_type=\u00bbrow\u00bb use_row_as_full_screen_section=\u00bbno\u00bb type=\u00bbfull_width\u00bb angled_section=\u00bbno\u00bb text_align=\u00bbleft\u00bb background_image_as_pattern=\u00bbwithout_pattern\u00bb][vc_column width=\u00bb1\/2&#8243; el_class=\u00bbafp-content\u00bb][vc_column_text] La Red de Museos de Arte de Catalu\u00f1a hace p\u00fablico un censo con m\u00e1s de 1.300 artistas identificadas en sus colecciones y recoge algunas de sus voces a trav\u00e9s de la grabaci\u00f3n de entrevistas. Desde...","og_url":"https:\/\/xarxa.museunacional.cat\/es\/artistas-femenino-plural\/","og_site_name":"Xarxa de Museus d\u2019Art de Catalunya","article_modified_time":"2024-03-06T18:38:39+00:00","og_image":[{"url":"https:\/\/xarxa.museunacional.cat\/wp-content\/uploads\/2024\/03\/Lluisa-Vidal.jpg","type":"","width":"","height":""}],"twitter_card":"summary_large_image","twitter_misc":{"Tiempo de lectura":"2 minutos"},"schema":{"@context":"https:\/\/schema.org","@graph":[{"@type":"WebPage","@id":"https:\/\/xarxa.museunacional.cat\/es\/artistas-femenino-plural\/","url":"https:\/\/xarxa.museunacional.cat\/es\/artistas-femenino-plural\/","name":"Artistas. Femenino plural - Xarxa de Museus d\u2019Art de Catalunya","isPartOf":{"@id":"https:\/\/xarxa.museunacional.cat\/#website"},"primaryImageOfPage":{"@id":"https:\/\/xarxa.museunacional.cat\/es\/artistas-femenino-plural\/#primaryimage"},"image":{"@id":"https:\/\/xarxa.museunacional.cat\/es\/artistas-femenino-plural\/#primaryimage"},"thumbnailUrl":"https:\/\/xarxa.museunacional.cat\/wp-content\/uploads\/2024\/03\/Lluisa-Vidal.jpg","datePublished":"2024-03-02T06:29:30+00:00","dateModified":"2024-03-06T18:38:39+00:00","breadcrumb":{"@id":"https:\/\/xarxa.museunacional.cat\/es\/artistas-femenino-plural\/#breadcrumb"},"inLanguage":"es","potentialAction":[{"@type":"ReadAction","target":["https:\/\/xarxa.museunacional.cat\/es\/artistas-femenino-plural\/"]}]},{"@type":"ImageObject","inLanguage":"es","@id":"https:\/\/xarxa.museunacional.cat\/es\/artistas-femenino-plural\/#primaryimage","url":"https:\/\/xarxa.museunacional.cat\/wp-content\/uploads\/2024\/03\/Lluisa-Vidal.jpg","contentUrl":"https:\/\/xarxa.museunacional.cat\/wp-content\/uploads\/2024\/03\/Lluisa-Vidal.jpg"},{"@type":"BreadcrumbList","@id":"https:\/\/xarxa.museunacional.cat\/es\/artistas-femenino-plural\/#breadcrumb","itemListElement":[{"@type":"ListItem","position":1,"name":"Inici","item":"https:\/\/xarxa.museunacional.cat\/es\/"},{"@type":"ListItem","position":2,"name":"Artistas. Femenino plural"}]},{"@type":"WebSite","@id":"https:\/\/xarxa.museunacional.cat\/#website","url":"https:\/\/xarxa.museunacional.cat\/","name":"Xarxa de Museus d\u2019Art de Catalunya","description":"Un altre lloc gestionat amb el WordPress","publisher":{"@id":"https:\/\/xarxa.museunacional.cat\/#organization"},"potentialAction":[{"@type":"SearchAction","target":{"@type":"EntryPoint","urlTemplate":"https:\/\/xarxa.museunacional.cat\/?s={search_term_string}"},"query-input":{"@type":"PropertyValueSpecification","valueRequired":true,"valueName":"search_term_string"}}],"inLanguage":"es"},{"@type":"Organization","@id":"https:\/\/xarxa.museunacional.cat\/#organization","name":"Xarxa de Museus d\u2019Art de Catalunya","url":"https:\/\/xarxa.museunacional.cat\/","logo":{"@type":"ImageObject","inLanguage":"es","@id":"https:\/\/xarxa.museunacional.cat\/#\/schema\/logo\/image\/","url":"https:\/\/xarxa.museunacional.cat\/wp-content\/uploads\/2024\/08\/logo.png","contentUrl":"https:\/\/xarxa.museunacional.cat\/wp-content\/uploads\/2024\/08\/logo.png","width":400,"height":88,"caption":"Xarxa de Museus d\u2019Art de Catalunya"},"image":{"@id":"https:\/\/xarxa.museunacional.cat\/#\/schema\/logo\/image\/"}}]}},"_links":{"self":[{"href":"https:\/\/xarxa.museunacional.cat\/es\/wp-json\/wp\/v2\/pages\/7659","targetHints":{"allow":["GET"]}}],"collection":[{"href":"https:\/\/xarxa.museunacional.cat\/es\/wp-json\/wp\/v2\/pages"}],"about":[{"href":"https:\/\/xarxa.museunacional.cat\/es\/wp-json\/wp\/v2\/types\/page"}],"author":[{"embeddable":true,"href":"https:\/\/xarxa.museunacional.cat\/es\/wp-json\/wp\/v2\/users\/1"}],"replies":[{"embeddable":true,"href":"https:\/\/xarxa.museunacional.cat\/es\/wp-json\/wp\/v2\/comments?post=7659"}],"version-history":[{"count":14,"href":"https:\/\/xarxa.museunacional.cat\/es\/wp-json\/wp\/v2\/pages\/7659\/revisions"}],"predecessor-version":[{"id":7803,"href":"https:\/\/xarxa.museunacional.cat\/es\/wp-json\/wp\/v2\/pages\/7659\/revisions\/7803"}],"wp:attachment":[{"href":"https:\/\/xarxa.museunacional.cat\/es\/wp-json\/wp\/v2\/media?parent=7659"}],"curies":[{"name":"wp","href":"https:\/\/api.w.org\/{rel}","templated":true}]}}